{"id":608,"date":"2012-03-16T04:19:46","date_gmt":"2012-03-16T04:19:46","guid":{"rendered":"http:\/\/pugsberacas.com\/?page_id=608"},"modified":"2021-11-20T00:38:10","modified_gmt":"2021-11-20T00:38:10","slug":"como-explicar-la-muerte-de-una-mascota-a-los-ninos","status":"publish","type":"page","link":"https:\/\/pugsberacas.com\/?page_id=608","title":{"rendered":"MURIO TU MASCOTA?"},"content":{"rendered":"<h3 class=\"gmql0nx0 l94mrbxd p1ri9a11 lzcic4wl n851cfcs n1l5q3vz\">C\u00f3mo explicar la muerte de una mascota a los ni\u00f1os<\/h3>\n<div class=\"bi6gxh9e\"><span class=\"d2edcug0 hpfvmrgz qv66sw1b c1et5uql lr9zc1uh jq4qci2q a3bd9o3v b1v8xokw oo9gr5id\"><i>Por Elaine Waldorf Gewirtz<\/i><\/span><\/div>\n<div class=\"bi6gxh9e\"><span class=\"d2edcug0 hpfvmrgz qv66sw1b c1et5uql lr9zc1uh jq4qci2q a3bd9o3v b1v8xokw oo9gr5id\">Despu\u00e9s de revisar los resultados del laboratorio y examinar a Bella por \u00faltima vez, el veterinario se reuni\u00f3 con los due\u00f1os del perro y les dio noticias que los Miller no esperaban.&nbsp;El c\u00e1ncer de h\u00edgado de su Golden Retriever hab\u00eda progresado y no mejorar\u00eda.&nbsp;El perro de 12 a\u00f1os no sobrevivir\u00eda m\u00e1s de unos d\u00edas.<\/span><\/div>\n<div class=\"bi6gxh9e\"><span class=\"d2edcug0 hpfvmrgz qv66sw1b c1et5uql lr9zc1uh jq4qci2q a3bd9o3v b1v8xokw oo9gr5id\">Devastados por la idea de perder a su perro, Sara y Ryan Miller sab\u00edan que se avecinaba otra dolorosa tarea.&nbsp;Beckett, su hijo de cinco a\u00f1os, necesitar\u00eda saber que Bella, la amiga con la que hab\u00eda crecido, pronto dejar\u00eda a la familia.<\/span><\/div>\n<h3 class=\"gmql0nx0 l94mrbxd p1ri9a11 lzcic4wl n851cfcs n1l5q3vz\"><span class=\"d2edcug0 hpfvmrgz qv66sw1b c1et5uql lr9zc1uh o3w64lxj b2s5l15y b1v8xokw oo9gr5id\">C\u00f3mo decir adi\u00f3s<\/span><\/h3>\n<div class=\"bi6gxh9e\"><span class=\"d2edcug0 hpfvmrgz qv66sw1b c1et5uql lr9zc1uh jq4qci2q a3bd9o3v b1v8xokw oo9gr5id\">Tomar la dif\u00edcil decisi\u00f3n de sacrificar a un preciado compa\u00f1ero canino es lo suficientemente agonizante, pero encontrar las palabras adecuadas para explicar la muerte de un perro a un ni\u00f1o resultante desgarrador.<\/span><\/div>\n<div class=\"bi6gxh9e\"><span class=\"d2edcug0 hpfvmrgz qv66sw1b c1et5uql lr9zc1uh jq4qci2q a3bd9o3v b1v8xokw oo9gr5id\">Para muchos ni\u00f1os, la primera experiencia con la muerte de un ser querido proviene de la p\u00e9rdida de un perro.<\/span><\/div>\n<div class=\"bi6gxh9e\"><span class=\"d2edcug0 hpfvmrgz qv66sw1b c1et5uql lr9zc1uh jq4qci2q a3bd9o3v b1v8xokw oo9gr5id\">Ayudar a los ni\u00f1os a comprender y sobrellevar los \u00faltimos d\u00edas de sus perros determina c\u00f3mo procesar\u00e1n las muertes m\u00e1s adelante en la vida.<\/span><\/div>\n<div class=\"bi6gxh9e\"><span class=\"d2edcug0 hpfvmrgz qv66sw1b c1et5uql lr9zc1uh jq4qci2q a3bd9o3v b1v8xokw oo9gr5id\">\u201cLos ni\u00f1os, espec\u00edficamente los ni\u00f1os peque\u00f1os, no entienden la muerte como nosotros\u201d, dice Pamela Regan, Ph.D., cient\u00edfica de relaciones y psic\u00f3loga investigadora de la Universidad Estatal de California en Los \u00c1ngeles.&nbsp;&#8220;Dependiendo de su edad y nivel de madurez, pueden pasar semanas o meses antes de que acepten que su perro nunca regresar\u00e1&#8221;.<\/span><\/div>\n<div class=\"bi6gxh9e\"><span class=\"d2edcug0 hpfvmrgz qv66sw1b c1et5uql lr9zc1uh jq4qci2q a3bd9o3v b1v8xokw oo9gr5id\">A continuaci\u00f3n, se muestran algunas formas de abordar este tema delicado:<\/span><\/div>\n<h3 class=\"gmql0nx0 l94mrbxd p1ri9a11 lzcic4wl n851cfcs n1l5q3vz\"><span class=\"d2edcug0 hpfvmrgz qv66sw1b c1et5uql lr9zc1uh o3w64lxj b2s5l15y b1v8xokw oo9gr5id\">Tener la charla<\/span><\/h3>\n<div class=\"bi6gxh9e\"><span class=\"d2edcug0 hpfvmrgz qv66sw1b c1et5uql lr9zc1uh jq4qci2q a3bd9o3v b1v8xokw oo9gr5id\">Cuando se entera de la condici\u00f3n fatal de su perro, es dif\u00edcil de entender.&nbsp;Reserve un tiempo ininterrumpido para explic\u00e1rselo a su hijo en un lenguaje apropiado para su edad.<\/span><\/div>\n<div class=\"bi6gxh9e\"><span class=\"d2edcug0 hpfvmrgz qv66sw1b c1et5uql lr9zc1uh jq4qci2q a3bd9o3v b1v8xokw oo9gr5id\">&#8220;No tenga miedo de tener la conversaci\u00f3n&#8221;, dice Regan.&nbsp;\u201cCreemos que los ni\u00f1os no entienden, ya que pueden repetir las mismas preguntas una y otra vez, pero solo est\u00e1n tratando de procesar la informaci\u00f3n.&nbsp;Est\u00e1n lidiando con un nuevo concepto, por lo que la paciencia es de gran ayuda &#8220;.<\/span><\/div>\n<div class=\"bi6gxh9e\"><span class=\"d2edcug0 hpfvmrgz qv66sw1b c1et5uql lr9zc1uh jq4qci2q a3bd9o3v b1v8xokw oo9gr5id\">Explique las razones por las que los perros mueren: accidentes, enfermedades y vejez.&nbsp;Si el perro todav\u00eda est\u00e1 vivo, comparta informaci\u00f3n sobre la condici\u00f3n del perro y que es posible que no se recupere por completo.<\/span><\/div>\n<div class=\"bi6gxh9e\"><span class=\"d2edcug0 hpfvmrgz qv66sw1b c1et5uql lr9zc1uh jq4qci2q a3bd9o3v b1v8xokw oo9gr5id\">&#8220;Los ni\u00f1os pueden hacer preguntas para las que no tienes las respuestas&#8221;, dice Regan, &#8220;y eso est\u00e1 bien&#8221;.<\/span><\/div>\n<h3 class=\"gmql0nx0 l94mrbxd p1ri9a11 lzcic4wl n851cfcs n1l5q3vz\"><span class=\"d2edcug0 hpfvmrgz qv66sw1b c1et5uql lr9zc1uh o3w64lxj b2s5l15y b1v8xokw oo9gr5id\">La honestidad es la mejor pol\u00edtica<\/span><\/h3>\n<div class=\"bi6gxh9e\"><span class=\"d2edcug0 hpfvmrgz qv66sw1b c1et5uql lr9zc1uh jq4qci2q a3bd9o3v b1v8xokw oo9gr5id\">Seg\u00fan Regan, cuando le explique la condici\u00f3n del perro a un ni\u00f1o, use palabras objetivas, como muerte y morir.&nbsp;Evite tratar de suavizar el evento utilizando eufemismos.<\/span><\/div>\n<div class=\"bi6gxh9e\"><span class=\"d2edcug0 hpfvmrgz qv66sw1b c1et5uql lr9zc1uh jq4qci2q a3bd9o3v b1v8xokw oo9gr5id\">&#8220;Decir que el perro se fue a dormir puede ser aterrador para un ni\u00f1o de tres a\u00f1os, especialmente cuando llega la hora de la siesta&#8221;, dice Regan.&nbsp;\u201cAzucarar la muerte con el perro mud\u00e1ndose a un lugar m\u00e1gico o viviendo en una granja puede parecer m\u00e1s f\u00e1cil, pero puede causar malentendidos m\u00e1s adelante.&nbsp;D\u00e9jele en claro a su hijo que la muerte significa que el perro no volver\u00e1 &#8220;.<\/span><\/div>\n<div class=\"bi6gxh9e\"><span class=\"d2edcug0 hpfvmrgz qv66sw1b c1et5uql lr9zc1uh jq4qci2q a3bd9o3v b1v8xokw oo9gr5id\">Para los ni\u00f1os mayores que quieran m\u00e1s informaci\u00f3n, d\u00edgales lo que sabe de una manera que puedan entender.&nbsp;Lo m\u00e1s probable es que hayan escuchado referencias a la muerte y el morir y puedan tener conceptos err\u00f3neos.&nbsp;Corrija cualquier falsedad y conc\u00e9ntrese en consolar a los ni\u00f1os.<\/span><\/div>\n<div class=\"bi6gxh9e\"><span class=\"d2edcug0 hpfvmrgz qv66sw1b c1et5uql lr9zc1uh jq4qci2q a3bd9o3v b1v8xokw oo9gr5id\">Dependiendo de la edad y el nivel de desarrollo, cada ni\u00f1o se enfrenta a las noticias a su manera.<\/span><\/div>\n<div class=\"bi6gxh9e\"><span class=\"d2edcug0 hpfvmrgz qv66sw1b c1et5uql lr9zc1uh jq4qci2q a3bd9o3v b1v8xokw oo9gr5id\">Los ni\u00f1os menores de seis a\u00f1os no comprender\u00e1n la finalidad de la muerte.&nbsp;Para captar este significado, los ni\u00f1os jugar\u00e1n-actuar\u00e1n sobre la muerte de su perro o fingir\u00e1n que todav\u00eda est\u00e1 vivo.<\/span><\/div>\n<div class=\"bi6gxh9e\"><span class=\"d2edcug0 hpfvmrgz qv66sw1b c1et5uql lr9zc1uh jq4qci2q a3bd9o3v b1v8xokw oo9gr5id\">\u201cBeckett lidi\u00f3 con el concepto y le dijo a extra\u00f1os que Bella hab\u00eda muerto\u201d, recuerda Sara Miller.<\/span><\/div>\n<div class=\"bi6gxh9e\"><span class=\"d2edcug0 hpfvmrgz qv66sw1b c1et5uql lr9zc1uh jq4qci2q a3bd9o3v b1v8xokw oo9gr5id\">Regan dice que decirle a cualquiera que quiera escuchar que el perro de la familia muri\u00f3 es una forma en que los ni\u00f1os procesan el concepto, dice Regan.&nbsp;&#8220;Les gusta compartir un nuevo lenguaje y \u00e9l busca la confirmaci\u00f3n de que la muerte es un hecho real&#8221;.<\/span><\/div>\n<h3 class=\"gmql0nx0 l94mrbxd p1ri9a11 lzcic4wl n851cfcs n1l5q3vz\"><span class=\"d2edcug0 hpfvmrgz qv66sw1b c1et5uql lr9zc1uh o3w64lxj b2s5l15y b1v8xokw oo9gr5id\">Evite el juego de la culpa<\/span><\/h3>\n<div class=\"bi6gxh9e\"><span class=\"d2edcug0 hpfvmrgz qv66sw1b c1et5uql lr9zc1uh jq4qci2q a3bd9o3v b1v8xokw oo9gr5id\">Excusar la ausencia del perro diciendo que el perro se escap\u00f3 despu\u00e9s de que alguien dej\u00f3 la puerta abierta genera confusi\u00f3n.&nbsp;El ni\u00f1o querr\u00e1 buscar al perro y lo buscar\u00e1 continuamente.<\/span><\/div>\n<div class=\"bi6gxh9e\"><span class=\"d2edcug0 hpfvmrgz qv66sw1b c1et5uql lr9zc1uh jq4qci2q a3bd9o3v b1v8xokw oo9gr5id\">No culpes al veterinario.&nbsp;El ni\u00f1o puede sentirse desanimado y resistirse a llevar otro perro a un veterinario o ver personalmente a un pediatra cuando est\u00e1 enfermo.<\/span><\/div>\n<div class=\"bi6gxh9e\"><span class=\"d2edcug0 hpfvmrgz qv66sw1b c1et5uql lr9zc1uh jq4qci2q a3bd9o3v b1v8xokw oo9gr5id\">Cuando Deb Eldredge, DVM, una veterinaria con sede en Nueva York, se re\u00fane con padres e hijos para hablar sobre la muerte inminente de su perro, explica que el perro ya no se siente c\u00f3modo ni feliz.<\/span><\/div>\n<div class=\"bi6gxh9e\"><span class=\"d2edcug0 hpfvmrgz qv66sw1b c1et5uql lr9zc1uh jq4qci2q a3bd9o3v b1v8xokw oo9gr5id\">\u201cLes digo a los ni\u00f1os que ayudar\u00e9 a su perro para que ya no tenga dolor\u201d, dice el Dr. Eldredge.&nbsp;&#8220;Me mantengo alejado de mencionar la otra vida porque la gente tiene muchas opiniones&#8221;.<\/span><\/div>\n<h3 class=\"gmql0nx0 l94mrbxd p1ri9a11 lzcic4wl n851cfcs n1l5q3vz\"><span class=\"d2edcug0 hpfvmrgz qv66sw1b c1et5uql lr9zc1uh o3w64lxj b2s5l15y b1v8xokw oo9gr5id\">Estrategias de apoyo y duelo<\/span><\/h3>\n<div class=\"bi6gxh9e\"><span class=\"d2edcug0 hpfvmrgz qv66sw1b c1et5uql lr9zc1uh jq4qci2q a3bd9o3v b1v8xokw oo9gr5id\">Para obtener apoyo, los padres pueden leer libros a sus hijos en edad preescolar y primaria sobre lo que sucede cuando los perros mueren.&nbsp;La prosa y las ilustraciones hacen maravillas para abrir un di\u00e1logo sobre el querido perro de la familia que ha fallecido.<\/span><\/div>\n<h3 class=\"gmql0nx0 l94mrbxd p1ri9a11 lzcic4wl n851cfcs n1l5q3vz\"><span class=\"d2edcug0 hpfvmrgz qv66sw1b c1et5uql lr9zc1uh o3w64lxj b2s5l15y b1v8xokw oo9gr5id\">Los ni\u00f1os mayores pueden o no querer saber sobre la eutanasia.<\/span><\/h3>\n<div class=\"bi6gxh9e\"><span class=\"d2edcug0 hpfvmrgz qv66sw1b c1et5uql lr9zc1uh jq4qci2q a3bd9o3v b1v8xokw oo9gr5id\">Si sienten curiosidad por lo que sucede en el momento de la muerte, el Dr. Eldredge cree en decir la verdad.&nbsp;Ella revela que el perro puede respirar profundamente cuando el esp\u00edritu abandona el cuerpo y puede orinar o defecar.<\/span><\/div>\n<div class=\"bi6gxh9e\"><span class=\"d2edcug0 hpfvmrgz qv66sw1b c1et5uql lr9zc1uh jq4qci2q a3bd9o3v b1v8xokw oo9gr5id\">&#8220;Es importante que los ni\u00f1os sepan que su perro no sufre cuando esto sucede&#8221;, dice el Dr. Eldredge.&nbsp;&#8220;Con suerte, este hecho los consolar\u00e1&#8221;.<\/span><\/div>\n<div class=\"bi6gxh9e\"><span class=\"d2edcug0 hpfvmrgz qv66sw1b c1et5uql lr9zc1uh jq4qci2q a3bd9o3v b1v8xokw oo9gr5id\">Cuando Jody y Scott Berger se enteraron de que Tucker, su labrador retriever negro, no sobrevivir\u00eda a la enfermedad del almacenamiento de cobre, compartieron la informaci\u00f3n con sus hijos adolescentes.&nbsp;La pareja transmiti\u00f3 cu\u00e1nto se hab\u00eda deteriorado y no mejorar\u00eda la condici\u00f3n de Tucker.<\/span><\/div>\n<div class=\"bi6gxh9e\"><span class=\"d2edcug0 hpfvmrgz qv66sw1b c1et5uql lr9zc1uh jq4qci2q a3bd9o3v b1v8xokw oo9gr5id\">\u201cAyuda a explicar que la eutanasia es compasi\u00f3n por el perro, no por el due\u00f1o\u201d, dice el Dr. Eldredge.&nbsp;&#8220;Es una forma amable de acabar con la vida de un perro y evitar m\u00e1s sufrimiento&#8221;.<\/span><\/div>\n<div class=\"bi6gxh9e\"><span class=\"d2edcug0 hpfvmrgz qv66sw1b c1et5uql lr9zc1uh jq4qci2q a3bd9o3v b1v8xokw oo9gr5id\">Cuando lleg\u00f3 el momento de sacrificar a Tucker, la pareja contrat\u00f3 a un veterinario para que fuera a su casa en Foothill Ranch, California.&nbsp;Cuando lleg\u00f3 el m\u00e9dico, Tucker se tambale\u00f3 para saludarla olfateando y moviendo la cola.&nbsp;Minutos m\u00e1s tarde, se dirigi\u00f3 a su lugar favorito en el jard\u00edn y se acomod\u00f3 en su almohada.<\/span><\/div>\n<div class=\"bi6gxh9e\"><span class=\"d2edcug0 hpfvmrgz qv66sw1b c1et5uql lr9zc1uh jq4qci2q a3bd9o3v b1v8xokw oo9gr5id\">\u201cTransmitimos los detalles del procedimiento: el sedante y la inyecci\u00f3n final que detendr\u00eda el latido del coraz\u00f3n\u201d, dice Jody Berger.&nbsp;&#8220;Les dimos a los chicos la opci\u00f3n de mirar o no&#8221;.<\/span><\/div>\n<div class=\"bi6gxh9e\"><span class=\"d2edcug0 hpfvmrgz qv66sw1b c1et5uql lr9zc1uh jq4qci2q a3bd9o3v b1v8xokw oo9gr5id\">Jordan, de 16 a\u00f1os, y Ethan, de 12, le dieron a Tucker el \u00faltimo masaje en el vientre y eligieron mirar desde la ventana.&nbsp;Jordan llor\u00f3 mientras Ethan dec\u00eda que estaba triste pero que no pod\u00eda llorar.<\/span><\/div>\n<div class=\"bi6gxh9e\"><span class=\"d2edcug0 hpfvmrgz qv66sw1b c1et5uql lr9zc1uh jq4qci2q a3bd9o3v b1v8xokw oo9gr5id\">\u201cH\u00e1gales saber a los ni\u00f1os que est\u00e1 bien expresar el dolor de la forma que les parezca adecuada: llanto, apat\u00eda o entumecimiento\u201d, dice Regan.&nbsp;&#8220;No hay un l\u00edmite de tiempo establecido, y es normal que un ni\u00f1o mencione la muerte de un perro semanas o meses despu\u00e9s&#8221;.<\/span><\/div>\n<div class=\"bi6gxh9e\"><span class=\"d2edcug0 hpfvmrgz qv66sw1b c1et5uql lr9zc1uh jq4qci2q a3bd9o3v b1v8xokw oo9gr5id\">Un ritual conmemorativo puede ser \u00fatil para recapitular la pertenencia del perro a la familia.&nbsp;Los ni\u00f1os peque\u00f1os pueden hacer dibujos del perro, decorar un marcador para el internamiento del perro o elegir un juguete o collar favorito para enmarcar.<\/span><\/div>\n<div><\/div>\n<div class=\"bi6gxh9e\"><span class=\"d2edcug0 hpfvmrgz qv66sw1b c1et5uql lr9zc1uh jq4qci2q a3bd9o3v b1v8xokw oo9gr5id\">Darles a los ni\u00f1os la tarea de expresar su dolor les ayudar\u00eda a sobrellevar la situaci\u00f3n.<a href=\"https:\/\/pugsberacas.com\/wp-content\/uploads\/2021\/11\/HUELLA-EN-EL-CIELO.jpg\"><img loading=\"lazy\" decoding=\"async\" class=\"alignnone size-full wp-image-2568\" src=\"https:\/\/pugsberacas.com\/wp-content\/uploads\/2021\/11\/HUELLA-EN-EL-CIELO.jpg\" alt=\"\" width=\"720\" height=\"641\" srcset=\"https:\/\/pugsberacas.com\/wp-content\/uploads\/2021\/11\/HUELLA-EN-EL-CIELO.jpg 720w, https:\/\/pugsberacas.com\/wp-content\/uploads\/2021\/11\/HUELLA-EN-EL-CIELO-300x267.jpg 300w, https:\/\/pugsberacas.com\/wp-content\/uploads\/2021\/11\/HUELLA-EN-EL-CIELO-695x619.jpg 695w\" sizes=\"auto, (max-width: 720px) 100vw, 720px\" \/><\/a><\/span><\/div>\n<p><a href=\"https:\/\/pugsberacas.com\/wp-content\/uploads\/2021\/11\/IMG_20200802_093915-scaled.jpg\"><img loading=\"lazy\" decoding=\"async\" class=\"alignnone size-large wp-image-2571\" src=\"https:\/\/pugsberacas.com\/wp-content\/uploads\/2021\/11\/IMG_20200802_093915-768x1024.jpg\" alt=\"\" width=\"615\" height=\"820\" srcset=\"https:\/\/pugsberacas.com\/wp-content\/uploads\/2021\/11\/IMG_20200802_093915-768x1024.jpg 768w, https:\/\/pugsberacas.com\/wp-content\/uploads\/2021\/11\/IMG_20200802_093915-225x300.jpg 225w, https:\/\/pugsberacas.com\/wp-content\/uploads\/2021\/11\/IMG_20200802_093915-1152x1536.jpg 1152w, https:\/\/pugsberacas.com\/wp-content\/uploads\/2021\/11\/IMG_20200802_093915-1536x2048.jpg 1536w, https:\/\/pugsberacas.com\/wp-content\/uploads\/2021\/11\/IMG_20200802_093915-695x927.jpg 695w, https:\/\/pugsberacas.com\/wp-content\/uploads\/2021\/11\/IMG_20200802_093915-930x1240.jpg 930w, https:\/\/pugsberacas.com\/wp-content\/uploads\/2021\/11\/IMG_20200802_093915-scaled.jpg 1920w\" sizes=\"auto, (max-width: 615px) 100vw, 615px\" \/><\/a><\/p>\n","protected":false},"excerpt":{"rendered":"<p>C\u00f3mo explicar la muerte de una mascota a los ni\u00f1os Por Elaine Waldorf Gewirtz Despu\u00e9s de revisar los resultados del laboratorio y examinar a Bella por \u00faltima vez, el veterinario se reuni\u00f3 con los due\u00f1os del perro y les dio noticias que los Miller no esperaban.&nbsp;El c\u00e1ncer de h\u00edgado de su Golden Retriever hab\u00eda progresado<a class=\"moretag\" href=\"https:\/\/pugsberacas.com\/?page_id=608\" title=\"Read more\" target=\"_self\"> &rarr;<\/a><\/p>\n","protected":false},"author":1,"featured_media":0,"parent":0,"menu_order":0,"comment_status":"closed","ping_status":"closed","template":"","meta":{"footnotes":""},"class_list":["post-608","page","type-page","status-publish","hentry"],"_links":{"self":[{"href":"https:\/\/pugsberacas.com\/index.php?rest_route=\/wp\/v2\/pages\/608","targetHints":{"allow":["GET"]}}],"collection":[{"href":"https:\/\/pugsberacas.com\/index.php?rest_route=\/wp\/v2\/pages"}],"about":[{"href":"https:\/\/pugsberacas.com\/index.php?rest_route=\/wp\/v2\/types\/page"}],"author":[{"embeddable":true,"href":"https:\/\/pugsberacas.com\/index.php?rest_route=\/wp\/v2\/users\/1"}],"replies":[{"embeddable":true,"href":"https:\/\/pugsberacas.com\/index.php?rest_route=%2Fwp%2Fv2%2Fcomments&post=608"}],"version-history":[{"count":10,"href":"https:\/\/pugsberacas.com\/index.php?rest_route=\/wp\/v2\/pages\/608\/revisions"}],"predecessor-version":[{"id":2581,"href":"https:\/\/pugsberacas.com\/index.php?rest_route=\/wp\/v2\/pages\/608\/revisions\/2581"}],"wp:attachment":[{"href":"https:\/\/pugsberacas.com\/index.php?rest_route=%2Fwp%2Fv2%2Fmedia&parent=608"}],"curies":[{"name":"wp","href":"https:\/\/api.w.org\/{rel}","templated":true}]}}