{"id":49,"date":"2012-02-02T07:08:34","date_gmt":"2012-02-02T07:08:34","guid":{"rendered":"http:\/\/pugsberacas.com\/?page_id=49"},"modified":"2020-05-30T02:46:46","modified_gmt":"2020-05-30T02:46:46","slug":"por-que-elejir-un-pug","status":"publish","type":"page","link":"https:\/\/pugsberacas.com\/?page_id=49","title":{"rendered":"POR QUE ELEJIR UN PUG?"},"content":{"rendered":"<p style=\"text-align: justify;\"><a href=\"http:\/\/pugsberacas.com\/wp-content\/uploads\/2012\/02\/sepia.jpg\"><img loading=\"lazy\" decoding=\"async\" class=\"alignleft size-full wp-image-168\" title=\"sepia\" src=\"http:\/\/pugsberacas.com\/wp-content\/uploads\/2012\/02\/sepia.jpg\" alt=\"\" width=\"315\" height=\"448\" srcset=\"https:\/\/pugsberacas.com\/wp-content\/uploads\/2012\/02\/sepia.jpg 315w, https:\/\/pugsberacas.com\/wp-content\/uploads\/2012\/02\/sepia-210x300.jpg 210w\" sizes=\"auto, (max-width: 315px) 100vw, 315px\" \/><\/a>Posiblemente est\u00e9s pensando en adquirir una mascota y no estas seguro de que raza es la que mejor , que se adapte a tu ritmo de vida o al lugar donde vives, pues por lo regular queremos un perro que no sea muy delicado, que no requiera de mucho espacio que no sea agresivo, nervioso ni \u00a0de cuidados excesivos. Que sea cari\u00f1oso simp\u00e1tico, alegre y que viva mucho tiempo a nuestro lado y llegamos a la conclusi\u00f3n que un perro\u00a0 de talla peque\u00f1a es una buena opci\u00f3n.<\/p>\n<p style=\"text-align: justify;\"><strong>\u00bfPero por cual nos decidimos si existe\u00a0 una gran variedad de perros peque\u00f1os?<\/strong><\/p>\n<p style=\"text-align: justify;\">Desde sus inicios hasta nuestros tiempos \u00a0el pug, se ha criado como perro de compa\u00f1\u00eda y gracias a eso\u00a0 \u00a0es ahora un compa\u00f1ero como ninguno, a esto hay que agregarle: su tierno car\u00e1cter, su apariencia fea pero encantadora y elegante a la vez, su peque\u00f1o tama\u00f1o que lo hace f\u00e1cil de manejar\u00a0 y cuidar<img loading=\"lazy\" decoding=\"async\" class=\"alignleft size-large wp-image-2331\" src=\"http:\/\/pugsberacas.com\/wp-content\/uploads\/2020\/05\/347-1024x768.jpg\" alt=\"\" width=\"615\" height=\"461\" srcset=\"https:\/\/pugsberacas.com\/wp-content\/uploads\/2020\/05\/347-1024x768.jpg 1024w, https:\/\/pugsberacas.com\/wp-content\/uploads\/2020\/05\/347-300x225.jpg 300w, https:\/\/pugsberacas.com\/wp-content\/uploads\/2020\/05\/347-768x576.jpg 768w, https:\/\/pugsberacas.com\/wp-content\/uploads\/2020\/05\/347-1536x1152.jpg 1536w, https:\/\/pugsberacas.com\/wp-content\/uploads\/2020\/05\/347-695x521.jpg 695w, https:\/\/pugsberacas.com\/wp-content\/uploads\/2020\/05\/347-930x698.jpg 930w, https:\/\/pugsberacas.com\/wp-content\/uploads\/2020\/05\/347.jpg 1600w\" sizes=\"auto, (max-width: 615px) 100vw, 615px\" \/><\/p>\n<p style=\"text-align: justify;\">En el pug encontraremos\u00a0 a un simp\u00e1tico compa\u00f1ero que disfrutara estar a nuestro lado en casi todas nuestras actividades.<\/p>\n<p style=\"text-align: justify;\">Pues lo mismo disfruta sentarse con toda la familia a ver la TV, seguirnos por toda la casa, que lo acariciemos o salir a jugar con los ni\u00f1os. De los cuales nunca tendremos que preocuparnos pues nunca los lastimar\u00eda ya que son demasiado\u00a0tolerantes, fieles, cari\u00f1osos, amistosos y esto los hace ideales para convivir con ellos, a dem\u00e1s que les ser\u00e1 m\u00e1s f\u00e1cil jugar con un perro de talla chica, qu\u00e9 \u00a0uno grande.<img loading=\"lazy\" decoding=\"async\" class=\"alignleft size-large wp-image-2333\" src=\"http:\/\/pugsberacas.com\/wp-content\/uploads\/2020\/05\/CANELITA-050-835x1024.jpg\" alt=\"\" width=\"615\" height=\"754\" srcset=\"https:\/\/pugsberacas.com\/wp-content\/uploads\/2020\/05\/CANELITA-050-835x1024.jpg 835w, https:\/\/pugsberacas.com\/wp-content\/uploads\/2020\/05\/CANELITA-050-245x300.jpg 245w, https:\/\/pugsberacas.com\/wp-content\/uploads\/2020\/05\/CANELITA-050-768x941.jpg 768w, https:\/\/pugsberacas.com\/wp-content\/uploads\/2020\/05\/CANELITA-050-695x852.jpg 695w, https:\/\/pugsberacas.com\/wp-content\/uploads\/2020\/05\/CANELITA-050-930x1140.jpg 930w, https:\/\/pugsberacas.com\/wp-content\/uploads\/2020\/05\/CANELITA-050.jpg 979w\" sizes=\"auto, (max-width: 615px) 100vw, 615px\" \/><\/p>\n<p style=\"text-align: justify;\">Siempre estar\u00e1 al pendiente de nuestra llegada y nos demostrara su alegr\u00eda y lo importante que somos para ellos, nos avisara sin dudarlo cuando alg\u00fan desconocido llegue a casa e incluso tratara de defender a sus due\u00f1os ante alguna agresi\u00f3n de alg\u00fan desconocido, claro en la medida de lo que le permite su tama\u00f1o. Son perros de alarma pero nunca ladran sin un motivo, esto los diferencia de muchos perros\u00a0 peque\u00f1os\u00a0 que se la pasan ladrando sin parar, esto \u00a0es molesto y en muchas ocasiones\u00a0 nos puede traer problemas con los vecinos y m\u00e1s si es un departamento en donde vivimos. Con el pug no hay que preocuparnos por esto, cabe resaltar que el ladrido del pug no es tan agudo como el de la mayor\u00eda de los perros peque\u00f1os,\u00a0su ladrido es algo ronco, esto lo hace muy divertido.\u00a0Algo caracter\u00edstico del pug, es que cuando duermen, roncan.<img loading=\"lazy\" decoding=\"async\" class=\"alignleft size-large wp-image-2332\" src=\"http:\/\/pugsberacas.com\/wp-content\/uploads\/2020\/05\/CANELOS-CIADERO-103-1024x768.jpg\" alt=\"\" width=\"615\" height=\"461\" srcset=\"https:\/\/pugsberacas.com\/wp-content\/uploads\/2020\/05\/CANELOS-CIADERO-103-1024x768.jpg 1024w, https:\/\/pugsberacas.com\/wp-content\/uploads\/2020\/05\/CANELOS-CIADERO-103-300x225.jpg 300w, https:\/\/pugsberacas.com\/wp-content\/uploads\/2020\/05\/CANELOS-CIADERO-103-768x576.jpg 768w, https:\/\/pugsberacas.com\/wp-content\/uploads\/2020\/05\/CANELOS-CIADERO-103-1536x1152.jpg 1536w, https:\/\/pugsberacas.com\/wp-content\/uploads\/2020\/05\/CANELOS-CIADERO-103-695x521.jpg 695w, https:\/\/pugsberacas.com\/wp-content\/uploads\/2020\/05\/CANELOS-CIADERO-103-930x698.jpg 930w, https:\/\/pugsberacas.com\/wp-content\/uploads\/2020\/05\/CANELOS-CIADERO-103.jpg 1600w\" sizes=\"auto, (max-width: 615px) 100vw, 615px\" \/><\/p>\n<p style=\"text-align: justify;\">Se adaptan pr\u00e1cticamente a cualquier lugar y clima pero hay que tener especial cuidado en no exponerlo a temperaturas muy altas, pues por su fisonom\u00eda puede ser riesgoso.<img loading=\"lazy\" decoding=\"async\" class=\"alignleft size-full wp-image-2392\" src=\"http:\/\/pugsberacas.com\/wp-content\/uploads\/2020\/05\/NIEVE.jpg\" alt=\"\" width=\"1000\" height=\"750\" srcset=\"https:\/\/pugsberacas.com\/wp-content\/uploads\/2020\/05\/NIEVE.jpg 1000w, https:\/\/pugsberacas.com\/wp-content\/uploads\/2020\/05\/NIEVE-300x225.jpg 300w, https:\/\/pugsberacas.com\/wp-content\/uploads\/2020\/05\/NIEVE-768x576.jpg 768w, https:\/\/pugsberacas.com\/wp-content\/uploads\/2020\/05\/NIEVE-695x521.jpg 695w, https:\/\/pugsberacas.com\/wp-content\/uploads\/2020\/05\/NIEVE-930x698.jpg 930w\" sizes=\"auto, (max-width: 1000px) 100vw, 1000px\" \/><\/p>\n<p style=\"text-align: justify;\">Son muy inteligentes, tanto que si no le dejamos bien claro quien es el que manda en casa, terminaremos haciendo lo que ellos\u00a0 quieran.<\/p>\n<p style=\"text-align: justify;\">No son para nada tontos, aprenden con facilidad, son muy equilibrados, nunca trataran de escapar de su due\u00f1o ni salir corriendo de casa, al contrario siempre caminara a nuestro lado sin perder ese porte presumido, pues pareciera que sabe que llama la atenci\u00f3n de quienes lo observan.<\/p>\n<p style=\"text-align: justify;\">A pesar de que es un perro peque\u00f1o, es muy fuerte y resistente, por lo regular no tienen problemas de salud, si tienen una buena calidad de vida pueden llegar a vivir entre 10 y 15 a\u00f1os a nuestro lado.<\/p>\n<p style=\"text-align: justify;\">En general son perros muy practicos .<\/p>\n<p style=\"text-align: justify;\">Por todo esto\u00a0 es f\u00e1cil entender el por que en la actualidad el pug es una de las razas mas buscadas y\u00a0 queridas por mucha gente.<\/p>\n<p style=\"text-align: justify;\"><a href=\"http:\/\/pugsberacas.com\/wp-content\/uploads\/2012\/02\/12033129_961701080554893_6376346497844988252_n.jpg\"><img loading=\"lazy\" decoding=\"async\" class=\"alignleft size-medium wp-image-1691\" src=\"http:\/\/pugsberacas.com\/wp-content\/uploads\/2012\/02\/12033129_961701080554893_6376346497844988252_n-300x207.jpg\" alt=\"12033129_961701080554893_6376346497844988252_n\" width=\"300\" height=\"207\" srcset=\"https:\/\/pugsberacas.com\/wp-content\/uploads\/2012\/02\/12033129_961701080554893_6376346497844988252_n-300x207.jpg 300w, https:\/\/pugsberacas.com\/wp-content\/uploads\/2012\/02\/12033129_961701080554893_6376346497844988252_n-695x481.jpg 695w, https:\/\/pugsberacas.com\/wp-content\/uploads\/2012\/02\/12033129_961701080554893_6376346497844988252_n.jpg 924w\" sizes=\"auto, (max-width: 300px) 100vw, 300px\" \/><\/a><\/p>\n<p style=\"text-align: justify;\"><strong>Yo pienso que cuando alguien dijo que \u201cEL PERRO ES EL MEJOR AMIGO DEL HOMBRE\u201d es por que tenia un PUG.<\/strong><\/p>\n<p style=\"text-align: justify;\"><strong>H\u00e9ctor Nava.<\/strong><\/p>\n<p style=\"text-align: justify;\"><strong>Criadero Beraca\u00b4s<\/strong><\/p>\n","protected":false},"excerpt":{"rendered":"<p>Posiblemente est\u00e9s pensando en adquirir una mascota y no estas seguro de que raza es la que mejor , que se adapte a tu ritmo de vida o al lugar donde vives, pues por lo regular queremos un perro que no sea muy delicado, que no requiera de mucho espacio que no sea agresivo, nervioso<a class=\"moretag\" href=\"https:\/\/pugsberacas.com\/?page_id=49\" title=\"Read more\" target=\"_self\"> &rarr;<\/a><\/p>\n","protected":false},"author":1,"featured_media":0,"parent":0,"menu_order":1,"comment_status":"open","ping_status":"closed","template":"","meta":{"footnotes":""},"class_list":["post-49","page","type-page","status-publish","hentry"],"_links":{"self":[{"href":"https:\/\/pugsberacas.com\/index.php?rest_route=\/wp\/v2\/pages\/49","targetHints":{"allow":["GET"]}}],"collection":[{"href":"https:\/\/pugsberacas.com\/index.php?rest_route=\/wp\/v2\/pages"}],"about":[{"href":"https:\/\/pugsberacas.com\/index.php?rest_route=\/wp\/v2\/types\/page"}],"author":[{"embeddable":true,"href":"https:\/\/pugsberacas.com\/index.php?rest_route=\/wp\/v2\/users\/1"}],"replies":[{"embeddable":true,"href":"https:\/\/pugsberacas.com\/index.php?rest_route=%2Fwp%2Fv2%2Fcomments&post=49"}],"version-history":[{"count":23,"href":"https:\/\/pugsberacas.com\/index.php?rest_route=\/wp\/v2\/pages\/49\/revisions"}],"predecessor-version":[{"id":2393,"href":"https:\/\/pugsberacas.com\/index.php?rest_route=\/wp\/v2\/pages\/49\/revisions\/2393"}],"wp:attachment":[{"href":"https:\/\/pugsberacas.com\/index.php?rest_route=%2Fwp%2Fv2%2Fmedia&parent=49"}],"curies":[{"name":"wp","href":"https:\/\/api.w.org\/{rel}","templated":true}]}}