{"id":210,"date":"2012-02-21T22:14:21","date_gmt":"2012-02-21T22:14:21","guid":{"rendered":"http:\/\/pugsberacas.com\/?page_id=210"},"modified":"2020-05-30T01:04:45","modified_gmt":"2020-05-30T01:04:45","slug":"el-golpe-de-calor","status":"publish","type":"page","link":"https:\/\/pugsberacas.com\/?page_id=210","title":{"rendered":"EL GOLPE DE CALOR"},"content":{"rendered":"<p style=\"text-align: justify;\"><a href=\"http:\/\/pugsberacas.com\/wp-content\/uploads\/2012\/02\/golpecalor.jpg\"><img loading=\"lazy\" decoding=\"async\" class=\"aligncenter size-full wp-image-396\" title=\"golpecalor\" src=\"http:\/\/pugsberacas.com\/wp-content\/uploads\/2012\/02\/golpecalor.jpg\" alt=\"\" width=\"550\" height=\"320\" srcset=\"https:\/\/pugsberacas.com\/wp-content\/uploads\/2012\/02\/golpecalor.jpg 550w, https:\/\/pugsberacas.com\/wp-content\/uploads\/2012\/02\/golpecalor-300x174.jpg 300w\" sizes=\"auto, (max-width: 550px) 100vw, 550px\" \/><\/a>El Pug es especialmente propenso a sufrir un golpe de calor si lo dejamos en el carro cuando el sol esta en pleno o si lo hacemos correr demasiado a altas temperaturas debido a la conformaci\u00f3n de su aparato respiratorio, por ello es necesario saber que hacer en caso de un golpe de calor aunque recordemos que lo mejor es prevenir, si el sol es fuerte lo mejor es dejar a nuestro Pug en casa.<\/p>\n<p style=\"text-align: justify;\"><strong>\u00bfQUE ES EL GOLPE DE CALOR?<a href=\"http:\/\/pugsberacas.com\/wp-content\/uploads\/2012\/02\/DSC012931.jpg\"><img loading=\"lazy\" decoding=\"async\" class=\"alignright size-medium wp-image-570\" title=\"DSC01293\" src=\"http:\/\/pugsberacas.com\/wp-content\/uploads\/2012\/02\/DSC012931-300x225.jpg\" alt=\"\" width=\"300\" height=\"225\" srcset=\"https:\/\/pugsberacas.com\/wp-content\/uploads\/2012\/02\/DSC012931-300x225.jpg 300w, https:\/\/pugsberacas.com\/wp-content\/uploads\/2012\/02\/DSC012931.jpg 640w\" sizes=\"auto, (max-width: 300px) 100vw, 300px\" \/><\/a><\/strong><\/p>\n<p style=\"text-align: justify;\">El llamado &#8220;golpe de calor&#8221; es una de las causas EVITABLES de muerte m\u00e1s com\u00fan en perros. El golpe de calor es el aumento de la temperatura corporal producida por la exposici\u00f3n a altas temperaturas ambientales (alrededor de los 30\u00baC), asociadas a altos niveles de humedad, ventilaci\u00f3n insuficiente y se acrecienta si el animal se deshidrata por falta de agua. Los perros de pelaje abundante, los BRAQUIC\u00c9FALOS (como el Pug), los obesos y los muy j\u00f3venes o muy ancianos son los m\u00e1s predispuestos al golpe de calor.<\/p>\n<p style=\"text-align: justify;\"><strong>\u00bfCUALES SON LOS SIGNOS CLINICOS?<\/strong><\/p>\n<p style=\"text-align: justify;\">Los signos cl\u00ednicos son caracter\u00edsticos. El primer s\u00edntoma al que hay que mantenerse alerta es el jadeo continuo e intenso, usualmente acompa\u00f1ado de taquicardia, temperatura rectal por encima de los 40\u00baC, alternando la consciencia hasta llegar al coma y muerte por paro cardio-respiratorio.<\/p>\n<p style=\"text-align: justify;\"><strong>\u00bfQUE HACER?<\/strong><\/p>\n<p style=\"text-align: justify;\">Cuando los s\u00edntomas mencionados aparezcan, acuda al veterinario. De forma prioritaria hay que ENFRIAR AL PERRO r\u00e1pidamente. Las primeras medidas que usted puede tomar en su casa, es tratar de bajarle la temperatura a menos de 39,5\u00baC. El m\u00e9todo m\u00e1s r\u00e1pido, sencillo y seguro es hacer un ba\u00f1o de inmersi\u00f3n con agua a temperatura ambiente (siempre que sea menor a 25\u00baC). La zona mas importante a enfriar es la cabeza y el cuello, sobre todo el cuello. La sangre que va al cerebro debe de ser enfriada para prevenir un da\u00f1o cerebral y para bajar la velocidad de respiraci\u00f3n.<\/p>\n<p style=\"text-align: justify;\">Otras posibilidades son: humedecerlo con una toalla empapada en agua fr\u00eda y utilizar enemas de agua fr\u00eda.<br \/>\nParalelamente si el animal est\u00e1 consciente, hay que tratar que beba agua fr\u00eda con una jeringa o cubitos de hielo.<br \/>\nSe debe controlar la temperatura rectal cada 10 a 15 minutos (la temperatura normal es de 38 a 39\u00baC), una bajada demasiado r\u00e1pida de temperatura tambi\u00e9n puede da\u00f1ar el cerebro.<\/p>\n<p style=\"text-align: justify;\">A nivel ambiental se debe realizar una buena ventilaci\u00f3n para bajar la temperatura y si es posible utilizar aire acondicionado.<\/p>\n<p style=\"text-align: justify;\"><strong>\u00bfCOMO EVITARLO?\u00a0\u00a0\u00a0\u00a0\u00a0\u00a0\u00a0\u00a0\u00a0\u00a0\u00a0\u00a0\u00a0\u00a0\u00a0\u00a0\u00a0\u00a0\u00a0\u00a0\u00a0\u00a0\u00a0\u00a0\u00a0 <a href=\"http:\/\/pugsberacas.com\/wp-content\/uploads\/2012\/02\/miranda-house-0112.jpg\"><img loading=\"lazy\" decoding=\"async\" class=\"alignright size-medium wp-image-571\" title=\"miranda house 011\" src=\"http:\/\/pugsberacas.com\/wp-content\/uploads\/2012\/02\/miranda-house-0112-300x225.jpg\" alt=\"\" width=\"300\" height=\"225\" \/><\/a><\/strong><\/p>\n<p style=\"text-align: justify;\">1. Asegurate siempre de que tus perros tienen sombra y agua. Si el perro, por alguna raz\u00f3n, tiene que estar en un sitio cerrado, aseg\u00farate de que:<\/p>\n<p style=\"text-align: justify;\"><strong>&#8211; La ventilaci\u00f3n es m\u00e1s que suficiente<\/strong><\/p>\n<p style=\"text-align: justify;\"><strong>&#8211; Haya sombra disponible que proteja al sitio.<\/strong><\/p>\n<p style=\"text-align: justify;\"><strong>&#8211; El agua est\u00e9 a su alcance.<img loading=\"lazy\" decoding=\"async\" class=\"alignleft size-full wp-image-2369\" src=\"http:\/\/pugsberacas.com\/wp-content\/uploads\/2020\/05\/kendra-presa.jpg\" alt=\"\" width=\"200\" height=\"200\" srcset=\"https:\/\/pugsberacas.com\/wp-content\/uploads\/2020\/05\/kendra-presa.jpg 200w, https:\/\/pugsberacas.com\/wp-content\/uploads\/2020\/05\/kendra-presa-150x150.jpg 150w\" sizes=\"auto, (max-width: 200px) 100vw, 200px\" \/><br \/>\n<\/strong><br \/>\n2. Los cachorros y perros viejos son especialmente susceptibles al golpe de calor. Si tus perros entran dentro de esta categor\u00eda debes:<\/p>\n<p style=\"text-align: justify;\"><strong>&#8211; Dejarles siempre una toalla h\u00fameda o peri\u00f3dicos h\u00famedos sobre los que se puedan tumbar.<\/strong><\/p>\n<p style=\"text-align: justify;\">\n<p style=\"text-align: justify;\"><strong>&#8211; Un aspersor de agua, puede ser \u00fatil as\u00ed como, tambi\u00e9n, un ventilador. Si se usa este ultimo, aseg\u00farate de que el aire no este dirigido directamente sobre los perros.<\/strong><\/p>\n<p style=\"text-align: justify;\">3. Si el tiempo es muy caluroso puedes dar a tu perro sales electrol\u00edticas para prevenir el golpe de calor (hay varias marcas). Dar media cucharadita de t\u00e9 para peque\u00f1os. 4. Si se viaja en veh\u00edculos en verano proporcionarles abundante ventilaci\u00f3n y evitar llevar a los animales en jaulas de transporte.<\/p>\n<p style=\"text-align: justify;\">Si no es posible:<a href=\"http:\/\/pugsberacas.com\/wp-content\/uploads\/2012\/02\/DSC01169.jpg\"><img loading=\"lazy\" decoding=\"async\" class=\"alignright size-medium wp-image-572\" title=\"DSC01169\" src=\"http:\/\/pugsberacas.com\/wp-content\/uploads\/2012\/02\/DSC01169-300x225.jpg\" alt=\"\" width=\"300\" height=\"225\" \/><\/a><\/p>\n<p style=\"text-align: justify;\"><strong>&#8211; Llevar, aparte de las sales abundante hielo y agua.<\/strong><\/p>\n<p style=\"text-align: justify;\"><strong>&#8211; Si los perros est\u00e1n muy alterados, situarlos en toallas h\u00famedas. Se enfriar\u00e1n mas r\u00e1pido a trav\u00e9s de los pies, barriga y ano.<\/strong><\/p>\n<p style=\"text-align: justify;\"><strong>&#8211; El aire caliente asciende as\u00ed que no se debe cubrir al perro con toallas h\u00famedas.\u00a0\u00a0\u00a0\u00a0\u00a0\u00a0\u00a0\u00a0\u00a0\u00a0<a href=\"http:\/\/pugsberacas.com\/wp-content\/uploads\/2012\/02\/DSC01290.jpg\"><img loading=\"lazy\" decoding=\"async\" class=\"aligncenter size-medium wp-image-573\" title=\"DSC01290\" src=\"http:\/\/pugsberacas.com\/wp-content\/uploads\/2012\/02\/DSC01290-300x225.jpg\" alt=\"\" width=\"300\" height=\"225\" srcset=\"https:\/\/pugsberacas.com\/wp-content\/uploads\/2012\/02\/DSC01290-300x225.jpg 300w, https:\/\/pugsberacas.com\/wp-content\/uploads\/2012\/02\/DSC01290.jpg 640w\" sizes=\"auto, (max-width: 300px) 100vw, 300px\" \/><\/a><\/strong><\/p>\n","protected":false},"excerpt":{"rendered":"<p>El Pug es especialmente propenso a sufrir un golpe de calor si lo dejamos en el carro cuando el sol esta en pleno o si lo hacemos correr demasiado a altas temperaturas debido a la conformaci\u00f3n de su aparato respiratorio, por ello es necesario saber que hacer en caso de un golpe de calor aunque<a class=\"moretag\" href=\"https:\/\/pugsberacas.com\/?page_id=210\" title=\"Read more\" target=\"_self\"> &rarr;<\/a><\/p>\n","protected":false},"author":1,"featured_media":0,"parent":49,"menu_order":0,"comment_status":"open","ping_status":"closed","template":"","meta":{"footnotes":""},"class_list":["post-210","page","type-page","status-publish","hentry"],"_links":{"self":[{"href":"https:\/\/pugsberacas.com\/index.php?rest_route=\/wp\/v2\/pages\/210","targetHints":{"allow":["GET"]}}],"collection":[{"href":"https:\/\/pugsberacas.com\/index.php?rest_route=\/wp\/v2\/pages"}],"about":[{"href":"https:\/\/pugsberacas.com\/index.php?rest_route=\/wp\/v2\/types\/page"}],"author":[{"embeddable":true,"href":"https:\/\/pugsberacas.com\/index.php?rest_route=\/wp\/v2\/users\/1"}],"replies":[{"embeddable":true,"href":"https:\/\/pugsberacas.com\/index.php?rest_route=%2Fwp%2Fv2%2Fcomments&post=210"}],"version-history":[{"count":10,"href":"https:\/\/pugsberacas.com\/index.php?rest_route=\/wp\/v2\/pages\/210\/revisions"}],"predecessor-version":[{"id":2370,"href":"https:\/\/pugsberacas.com\/index.php?rest_route=\/wp\/v2\/pages\/210\/revisions\/2370"}],"up":[{"embeddable":true,"href":"https:\/\/pugsberacas.com\/index.php?rest_route=\/wp\/v2\/pages\/49"}],"wp:attachment":[{"href":"https:\/\/pugsberacas.com\/index.php?rest_route=%2Fwp%2Fv2%2Fmedia&parent=210"}],"curies":[{"name":"wp","href":"https:\/\/api.w.org\/{rel}","templated":true}]}}