{"id":207,"date":"2012-02-21T22:12:25","date_gmt":"2012-02-21T22:12:25","guid":{"rendered":"http:\/\/pugsberacas.com\/?page_id=207"},"modified":"2020-05-30T03:23:05","modified_gmt":"2020-05-30T03:23:05","slug":"personalidad-y-aseo","status":"publish","type":"page","link":"https:\/\/pugsberacas.com\/?page_id=207","title":{"rendered":"PERSONALIDAD Y VENTAJAS"},"content":{"rendered":"<p style=\"text-align: justify;\"><strong>CAR\u00c1CTER DEL PUG<img loading=\"lazy\" decoding=\"async\" class=\"alignleft size-full wp-image-2324\" src=\"http:\/\/pugsberacas.com\/wp-content\/uploads\/2020\/05\/espejo-rokko.jpg\" alt=\"\" width=\"960\" height=\"851\" srcset=\"https:\/\/pugsberacas.com\/wp-content\/uploads\/2020\/05\/espejo-rokko.jpg 960w, https:\/\/pugsberacas.com\/wp-content\/uploads\/2020\/05\/espejo-rokko-300x266.jpg 300w, https:\/\/pugsberacas.com\/wp-content\/uploads\/2020\/05\/espejo-rokko-768x681.jpg 768w, https:\/\/pugsberacas.com\/wp-content\/uploads\/2020\/05\/espejo-rokko-695x616.jpg 695w, https:\/\/pugsberacas.com\/wp-content\/uploads\/2020\/05\/espejo-rokko-930x824.jpg 930w\" sizes=\"auto, (max-width: 960px) 100vw, 960px\" \/><\/strong><\/p>\n<p style=\"text-align: justify;\">Su apariencia externa, rechoncha y enfadada, contrasta con su car\u00e1cter tierno, amistoso y noble con su familia. Es un perro que disfruta de la convivencia con su due\u00f1o, misma de la que necesita bastante. Con los ni\u00f1os resulta ser muy respetuoso y disfruta de jugar con ellos en donde dejar ver las virtudes de \u201cpayaso\u201d que posee. Un momento de juego con un Pug es un momento en que la diversi\u00f3n y la risa son constantes.<\/p>\n<p style=\"text-align: justify;\">Tambi\u00e9n sabe actuar en sociedad comport\u00e1ndose como todo un caballero serio, digno y respetuoso, desempe\u00f1ando a la perfecci\u00f3n el papel de compa\u00f1ero de damas elegantes.<img loading=\"lazy\" decoding=\"async\" class=\"alignleft size-full wp-image-2374\" src=\"http:\/\/pugsberacas.com\/wp-content\/uploads\/2020\/05\/persdonalidad.jpg\" alt=\"\" width=\"687\" height=\"960\" srcset=\"https:\/\/pugsberacas.com\/wp-content\/uploads\/2020\/05\/persdonalidad.jpg 687w, https:\/\/pugsberacas.com\/wp-content\/uploads\/2020\/05\/persdonalidad-215x300.jpg 215w\" sizes=\"auto, (max-width: 687px) 100vw, 687px\" \/><\/p>\n<p style=\"text-align: justify;\">Es un perro silencioso y de temperamento tranquilo por lo que no esta especialmente dise\u00f1ado para labores de guardia y protecci\u00f3n.<\/p>\n<p style=\"text-align: justify;\">El Pug esta echo para vivir confortablemente y bajo techo por su poca tolerancia a las condiciones extremas. Como ya lo hab\u00edamos mencionado uno de sus principales problemas es la intolerancia al calor debido a la conformaci\u00f3n de su aparato respiratorio.<\/p>\n<p style=\"text-align: justify;\">Es necesario que tomemos las medidas preventivas cuando lo traslademos en carro vigilando que todo el tiempo tenga aire fresco y no debemos dejarlo nunca solo en el carro con las ventanas cerradas ni hacerlo correr demasiado cuando el calor es intenso.<\/p>\n<p style=\"text-align: justify;\">Otro aspecto importante en el cuidado de su salud es que tiene muy poca tolerancia a la anestesia general intravenosa, situaci\u00f3n que habr\u00e1 de tomarse en cuenta cuando se requiera alguna cirug\u00eda.<\/p>\n<p style=\"text-align: justify;\">Las personas que tienen oportunidad de tener uno de estos en casa saben que el Pug es muy simp\u00e1tico, cuando llegamos a casa siempre se dan a notar.<\/p>\n<p style=\"text-align: justify;\">A su car\u00e1cter afectuoso debemos sumar su inteligencia muy desarrollada aunque a veces un temperamento un poco ego\u00edsta, que lo convierte en un eg\u00f3latra cuando de llamar la atenci\u00f3n de su amo se trata.. Adem\u00e1s, no podemos negar que a donde quiera que vayamos vamos a llamar la atenci\u00f3n, con su gracioso caminar y su cara de arist\u00f3crata refunfu\u00f1\u00f3n no puede pasar desapercibido.<img loading=\"lazy\" decoding=\"async\" class=\"alignleft size-large wp-image-2376\" src=\"http:\/\/pugsberacas.com\/wp-content\/uploads\/2020\/05\/sorbito-1024x1024.jpg\" alt=\"\" width=\"615\" height=\"615\" srcset=\"https:\/\/pugsberacas.com\/wp-content\/uploads\/2020\/05\/sorbito-1024x1024.jpg 1024w, https:\/\/pugsberacas.com\/wp-content\/uploads\/2020\/05\/sorbito-300x300.jpg 300w, https:\/\/pugsberacas.com\/wp-content\/uploads\/2020\/05\/sorbito-150x150.jpg 150w, https:\/\/pugsberacas.com\/wp-content\/uploads\/2020\/05\/sorbito-768x768.jpg 768w, https:\/\/pugsberacas.com\/wp-content\/uploads\/2020\/05\/sorbito-695x695.jpg 695w, https:\/\/pugsberacas.com\/wp-content\/uploads\/2020\/05\/sorbito-930x930.jpg 930w, https:\/\/pugsberacas.com\/wp-content\/uploads\/2020\/05\/sorbito.jpg 1280w\" sizes=\"auto, (max-width: 615px) 100vw, 615px\" \/><\/p>\n<p style=\"text-align: justify;\">Los Pugs son amantes de los paseos con su due\u00f1o, son tranquilos y nada alocados. Con otros perros van desde la tolerancia a la indiferencia, se puede decir que un Pug prefiere la compa\u00f1\u00eda humana que la de su propia especie.<\/p>\n<p style=\"text-align: justify;\">Es uno de los mas sensibles y cari\u00f1osos perros que existen por lo que se ha ganado a pulso su lugar como perro de compa\u00f1\u00eda.<\/p>\n<p style=\"text-align: justify;\">Cuando lo sacas a pasear por la calle hay personas que no saben de la raza y al ver su cara de pocos amigos se hacen a un lado a pesar de su peque\u00f1o tama\u00f1o, pero no podemos negar que con esa cara de pocos amigos es tambi\u00e9n un perro impresionante, aunque, para los que si sabemos, es sumamente d\u00f3cil y sensible por naturaleza, necesita de sus amos para ser feliz, nunca estar\u00e1 bien en alguna perrera o lugar apartado de la casa por lo que debes tenerlo en cuenta si tu idea no es tenerlo dentro de casa. Tambi\u00e9n destaca como agradable compa\u00f1ero de adultos mayores.<\/p>\n<p style=\"text-align: justify;\">En resumen el Pug es un perro familiar y un muy buen perro de compa\u00f1\u00eda y para ni\u00f1os. Fuera de casa convivir\u00e1 y se portar\u00e1 bien con los extra\u00f1os y otros animales, cuando un amigo entre en la casa y sea aprobado por la familia, \u00e9l lo aceptar\u00e1 sin problemas.<a href=\"http:\/\/pugsberacas.com\/wp-content\/uploads\/2012\/02\/PAPOS-095.jpg\"><img loading=\"lazy\" decoding=\"async\" class=\"aligncenter size-medium wp-image-599\" title=\"PAPOS 095\" src=\"http:\/\/pugsberacas.com\/wp-content\/uploads\/2012\/02\/PAPOS-095-300x225.jpg\" alt=\"\" width=\"300\" height=\"225\" srcset=\"https:\/\/pugsberacas.com\/wp-content\/uploads\/2012\/02\/PAPOS-095-300x225.jpg 300w, https:\/\/pugsberacas.com\/wp-content\/uploads\/2012\/02\/PAPOS-095.jpg 640w\" sizes=\"auto, (max-width: 300px) 100vw, 300px\" \/><\/a><\/p>\n<p style=\"text-align: justify;\">Es un perro leal, juguet\u00f3n, afectuoso y valiente que nunca perder\u00e1 de vista a la familia. Aprende r\u00e1pidamente cuando se le necesita \u00f3 cuando debe quedarse quieto en su lugar.<br \/>\nPuede conformarse con una peque\u00f1a dosis de ejercicio al d\u00eda y si lo acostumbramos desde peque\u00f1o puede ser un excelente compa\u00f1ero para caminatas largas.<img loading=\"lazy\" decoding=\"async\" class=\"alignleft size-full wp-image-2377\" src=\"http:\/\/pugsberacas.com\/wp-content\/uploads\/2020\/05\/165543_140518396006503_509525_n.jpg\" alt=\"\" width=\"575\" height=\"720\" srcset=\"https:\/\/pugsberacas.com\/wp-content\/uploads\/2020\/05\/165543_140518396006503_509525_n.jpg 575w, https:\/\/pugsberacas.com\/wp-content\/uploads\/2020\/05\/165543_140518396006503_509525_n-240x300.jpg 240w\" sizes=\"auto, (max-width: 575px) 100vw, 575px\" \/><br \/>\nHay personas que dicen que su Pug es el mejor enfermero que han tenido ya que tienen un desarrollado sentido de la situaci\u00f3n en que se encuentra su amo, y si este esta enfermo no se separan de su lado acompa\u00f1\u00e1ndolo tranquilamente.<br \/>\nSin duda el Pug es una raza que lleg\u00f3 para quedarse, si tu tienes la fortuna de tener a uno por favor aprende mas de \u00e9l y tr\u00e1talo con cari\u00f1o y respeto, ese es el \u00fanico pago que tu Pug espera de ti por todos sus a\u00f1os de compa\u00f1\u00eda y buena disposici\u00f3n.<\/p>\n<p style=\"text-align: justify;\">Personalidad:\u00a0 \u00a0&#8220;Mucho perro para tan poco cuerpo&#8221;. Desenvuelto, bravuc\u00f3n, leal, cari\u00f1oso, afectuoso y de disposici\u00f3n alegre. Juguet\u00f3n y encantador. Astuto y travieso, con una personalidad que se gana el coraz\u00f3n de cualquiera. Puede ser un poco obstinado. Se aburre con facilidad en las pr\u00e1cticas de entrenamiento repetitivas pero en general es muy inteligente.<\/p>\n<p style=\"text-align: justify;\"><strong>Comportamiento:<\/strong><br \/>\n<strong>Ni\u00f1os:<\/strong> Excelente con los ni\u00f1os.<br \/>\n<strong>Simpat\u00eda:<\/strong> Bastante amigable con los extra\u00f1os.<br \/>\n<strong>Entrenamiento:<\/strong> F\u00e1cil de entrenar.<br \/>\n<strong>Independencia:<\/strong> Necesita mucho a las personas.<br \/>\n<strong>Dominancia:<\/strong> Escasa.<br \/>\n<strong>Otras mascotas:<\/strong> Por lo general, bueno con otras mascotas.<a href=\"http:\/\/pugsberacas.com\/wp-content\/uploads\/2012\/02\/expocan-034.jpg\"><img loading=\"lazy\" decoding=\"async\" class=\"alignright size-medium wp-image-565\" title=\"expocan 034\" src=\"http:\/\/pugsberacas.com\/wp-content\/uploads\/2012\/02\/expocan-034-300x225.jpg\" alt=\"\" width=\"300\" height=\"225\" srcset=\"https:\/\/pugsberacas.com\/wp-content\/uploads\/2012\/02\/expocan-034-300x225.jpg 300w, https:\/\/pugsberacas.com\/wp-content\/uploads\/2012\/02\/expocan-034.jpg 640w\" sizes=\"auto, (max-width: 300px) 100vw, 300px\" \/><\/a><br \/>\n<strong>Combatividad:<\/strong> Por lo general, no es agresivo con otros perros.<br \/>\n<strong>Ruido:<\/strong> No es ladrador.<\/p>\n<p style=\"text-align: justify;\"><strong>Aseo y necesidades f\u00edsicas:<\/strong><br \/>\n<strong>Aseo:<\/strong> Requiere un poco de aseo.<br \/>\n<strong>Cuidado del pelo:<\/strong> No requiere cortes ni cepillados especiales del tipo trimming o stripping.<br \/>\n<strong>Pelo:<\/strong> Pelo corto.<br \/>\n<strong>Muda de pelo:<\/strong> En temporada, muda abundante.<br \/>\n<strong>Ejercicio:<\/strong> Requiere muy poco ejercicio.<br \/>\n<strong>Trote:<\/strong> No es un buen compa\u00f1ero para correr pero si lo acostumbras lo puede hacer sin problema<br \/>\n<strong>En el hogar:<\/strong> Se mantiene relativamente inactivo en el hogar.<br \/>\n<strong>Apartamentos:<\/strong> Bueno para vivir en apartamentos.<br \/>\n<strong>Espacios abiertos:<\/strong> Se las arregla sin un jard\u00edn.<br \/>\n<strong>Clima:<\/strong> Se adapta bien a la mayor\u00eda de los climas.<br \/>\n<strong>Due\u00f1o:<\/strong> Muy Bueno para due\u00f1os sin experiencia.<br \/>\n<strong>Expectativa de vida:<\/strong> Moderadamente longevo (12 a 15 a\u00f1os).<br \/>\n<strong>Aptitudes:<\/strong> Perro guardi\u00e1n y para realizar trucos.<\/p>\n<p style=\"text-align: justify;\"><a href=\"http:\/\/pugsberacas.com\/wp-content\/uploads\/2012\/02\/DSC09913.jpg\"><img loading=\"lazy\" decoding=\"async\" class=\"aligncenter size-medium wp-image-597\" title=\"DSC09913\" src=\"http:\/\/pugsberacas.com\/wp-content\/uploads\/2012\/02\/DSC09913-300x225.jpg\" alt=\"\" width=\"300\" height=\"225\" srcset=\"https:\/\/pugsberacas.com\/wp-content\/uploads\/2012\/02\/DSC09913-300x225.jpg 300w, https:\/\/pugsberacas.com\/wp-content\/uploads\/2012\/02\/DSC09913.jpg 640w\" sizes=\"auto, (max-width: 300px) 100vw, 300px\" \/><\/a><\/p>\n<p style=\"text-align: justify;\"><strong><em>P.D: Nosotros pensamos que cuando alguien dijo que el perro es el mejor amigo del hombre, es por que ten\u00eda un PUG.\u00a0\u00a0\u00a0\u00a0\u00a0\u00a0\u00a0\u00a0\u00a0\u00a0\u00a0\u00a0\u00a0\u00a0\u00a0\u00a0\u00a0\u00a0\u00a0\u00a0\u00a0\u00a0\u00a0\u00a0\u00a0\u00a0\u00a0\u00a0\u00a0\u00a0\u00a0\u00a0\u00a0\u00a0\u00a0\u00a0\u00a0\u00a0\u00a0\u00a0\u00a0\u00a0\u00a0\u00a0\u00a0\u00a0\u00a0\u00a0\u00a0\u00a0\u00a0\u00a0\u00a0\u00a0\u00a0\u00a0\u00a0\u00a0\u00a0\u00a0\u00a0 HECTOR NAVA H.\u00a0\u00a0\u00a0\u00a0\u00a0\u00a0 criadero beraca\u00b4s.<\/em><\/strong><\/p>\n","protected":false},"excerpt":{"rendered":"<p>CAR\u00c1CTER DEL PUG Su apariencia externa, rechoncha y enfadada, contrasta con su car\u00e1cter tierno, amistoso y noble con su familia. Es un perro que disfruta de la convivencia con su due\u00f1o, misma de la que necesita bastante. Con los ni\u00f1os resulta ser muy respetuoso y disfruta de jugar con ellos en donde dejar ver las<a class=\"moretag\" href=\"https:\/\/pugsberacas.com\/?page_id=207\" title=\"Read more\" target=\"_self\"> &rarr;<\/a><\/p>\n","protected":false},"author":1,"featured_media":0,"parent":49,"menu_order":0,"comment_status":"open","ping_status":"closed","template":"","meta":{"footnotes":""},"class_list":["post-207","page","type-page","status-publish","hentry"],"_links":{"self":[{"href":"https:\/\/pugsberacas.com\/index.php?rest_route=\/wp\/v2\/pages\/207","targetHints":{"allow":["GET"]}}],"collection":[{"href":"https:\/\/pugsberacas.com\/index.php?rest_route=\/wp\/v2\/pages"}],"about":[{"href":"https:\/\/pugsberacas.com\/index.php?rest_route=\/wp\/v2\/types\/page"}],"author":[{"embeddable":true,"href":"https:\/\/pugsberacas.com\/index.php?rest_route=\/wp\/v2\/users\/1"}],"replies":[{"embeddable":true,"href":"https:\/\/pugsberacas.com\/index.php?rest_route=%2Fwp%2Fv2%2Fcomments&post=207"}],"version-history":[{"count":14,"href":"https:\/\/pugsberacas.com\/index.php?rest_route=\/wp\/v2\/pages\/207\/revisions"}],"predecessor-version":[{"id":2398,"href":"https:\/\/pugsberacas.com\/index.php?rest_route=\/wp\/v2\/pages\/207\/revisions\/2398"}],"up":[{"embeddable":true,"href":"https:\/\/pugsberacas.com\/index.php?rest_route=\/wp\/v2\/pages\/49"}],"wp:attachment":[{"href":"https:\/\/pugsberacas.com\/index.php?rest_route=%2Fwp%2Fv2%2Fmedia&parent=207"}],"curies":[{"name":"wp","href":"https:\/\/api.w.org\/{rel}","templated":true}]}}