{"id":200,"date":"2012-02-21T22:08:38","date_gmt":"2012-02-21T22:08:38","guid":{"rendered":"http:\/\/pugsberacas.com\/?page_id=200"},"modified":"2020-05-30T01:07:07","modified_gmt":"2020-05-30T01:07:07","slug":"ejercicios","status":"publish","type":"page","link":"https:\/\/pugsberacas.com\/?page_id=200","title":{"rendered":"EJERCICIO"},"content":{"rendered":"<p style=\"text-align: justify;\"><strong><a href=\"http:\/\/pugsberacas.com\/wp-content\/uploads\/2012\/02\/ejercicios.jpg\"><img loading=\"lazy\" decoding=\"async\" class=\"alignleft size-full wp-image-205\" title=\"ejercicios\" src=\"http:\/\/pugsberacas.com\/wp-content\/uploads\/2012\/02\/ejercicios.jpg\" alt=\"\" width=\"335\" height=\"744\" srcset=\"https:\/\/pugsberacas.com\/wp-content\/uploads\/2012\/02\/ejercicios.jpg 335w, https:\/\/pugsberacas.com\/wp-content\/uploads\/2012\/02\/ejercicios-135x300.jpg 135w\" sizes=\"auto, (max-width: 335px) 100vw, 335px\" \/><\/a>El primer ejercicio y fundamental para el cachorro es el juego, principalmente con otros cachorros.<\/strong> \u00c9ste desde muy corta edad siente la necesidad natural de explorar el mundo que le rodea, agudizar y potenciar sus instintos primarios b\u00e1sicos que se supone le dar\u00e1n en la edad adulta, las cualidades necesarias para la supervivencia. El instinto de caza incita al perro a perseguir todo aquello que se mueve con la intenci\u00f3n de correr tras su presa para alimentarse. En esta etapa, el cachorro perseguir\u00e1, por acto reflejo, cualquier objeto que le lancemos, cualquier animal que corra, o a cualquiera de sus hermanos de camada.<\/p>\n<p style=\"text-align: justify;\">Cuando un cachorro juega con otro, sigue despertando sus instintos, en este caso el de dominancia. El juego no es m\u00e1s que un combate a niveles de agresividad m\u00ednimos, los cuales tienen la misi\u00f3n de ense\u00f1ar al cachorro las t\u00e9cnicas precisas para un enfrentamiento real en la edad adulta. Si nos fijamos, cuando dos cachorros o perros j\u00f3venes juegan, sus movimientos y expresi\u00f3n corporal son los mismos que una lucha real pero sin carga agresiva.<img loading=\"lazy\" decoding=\"async\" class=\"alignleft size-full wp-image-2358\" src=\"http:\/\/pugsberacas.com\/wp-content\/uploads\/2020\/05\/cachito-papa.jpg\" alt=\"\" width=\"428\" height=\"320\" srcset=\"https:\/\/pugsberacas.com\/wp-content\/uploads\/2020\/05\/cachito-papa.jpg 428w, https:\/\/pugsberacas.com\/wp-content\/uploads\/2020\/05\/cachito-papa-300x224.jpg 300w\" sizes=\"auto, (max-width: 428px) 100vw, 428px\" \/><\/p>\n<p style=\"text-align: justify;\">Pues bien, todos estos juegos son los adecuados y necesarios para que el cachorro desarrolle su estructura \u00f3sea y muscular en plenitud. Nunca debemos forzar al cachorro o perro joven, cuyo desarrollo no ha concluido, y someterlo a ejercicios f\u00edsicos violentos, pues corremos el riesgo de causar alguna lesi\u00f3n que en algunos casos puede ser irreparable.<\/p>\n<p style=\"text-align: justify;\">Conozco a algunos due\u00f1os inexpertos que deseaban presumir al &#8220;s\u00faper-perro&#8221; en tiempo record y lo que es peor, a temprana edad, y terminaron lesionando a su cachorro. No debemos caer en el error de forzar continuamente\u00a0al cachorro, ni correr distancias grandes, ni obligarlo a saltar. Su osamenta en esa edad es d\u00e9bil y est\u00e1 en proceso de formaci\u00f3n; es necesario esperar a que se consolide. Por tanto debemos dejar al cachorro que \u00e9l mismo racione su nivel de ejercicios mediante el juego natural.<a href=\"http:\/\/pugsberacas.com\/wp-content\/uploads\/2012\/02\/talita-055.jpg\"><img loading=\"lazy\" decoding=\"async\" class=\"alignleft size-medium wp-image-589\" title=\"talita 055\" src=\"http:\/\/pugsberacas.com\/wp-content\/uploads\/2012\/02\/talita-055-300x225.jpg\" alt=\"\" width=\"300\" height=\"225\" srcset=\"https:\/\/pugsberacas.com\/wp-content\/uploads\/2012\/02\/talita-055-300x225.jpg 300w, https:\/\/pugsberacas.com\/wp-content\/uploads\/2012\/02\/talita-055.jpg 640w\" sizes=\"auto, (max-width: 300px) 100vw, 300px\" \/><\/a><\/p>\n<p style=\"text-align: justify;\">Lanzar la pelota \u00f3 cualquier otro objeto, morder un trapo y forcejear un poco con el as\u00ed como las caminatas cortas son maneras de mantener ejercitado a nuestro cachorrito.<img loading=\"lazy\" decoding=\"async\" class=\"alignleft size-large wp-image-2361\" src=\"http:\/\/pugsberacas.com\/wp-content\/uploads\/2020\/05\/criadero-beraca\u00b4s-1-049-1024x768.jpg\" alt=\"\" width=\"615\" height=\"461\" srcset=\"https:\/\/pugsberacas.com\/wp-content\/uploads\/2020\/05\/criadero-beraca\u00b4s-1-049-1024x768.jpg 1024w, https:\/\/pugsberacas.com\/wp-content\/uploads\/2020\/05\/criadero-beraca\u00b4s-1-049-300x225.jpg 300w, https:\/\/pugsberacas.com\/wp-content\/uploads\/2020\/05\/criadero-beraca\u00b4s-1-049-768x576.jpg 768w, https:\/\/pugsberacas.com\/wp-content\/uploads\/2020\/05\/criadero-beraca\u00b4s-1-049-1536x1152.jpg 1536w, https:\/\/pugsberacas.com\/wp-content\/uploads\/2020\/05\/criadero-beraca\u00b4s-1-049-695x521.jpg 695w, https:\/\/pugsberacas.com\/wp-content\/uploads\/2020\/05\/criadero-beraca\u00b4s-1-049-930x698.jpg 930w, https:\/\/pugsberacas.com\/wp-content\/uploads\/2020\/05\/criadero-beraca\u00b4s-1-049.jpg 1600w\" sizes=\"auto, (max-width: 615px) 100vw, 615px\" \/><\/p>\n<p style=\"text-align: justify;\">Algunas personas tienen la idea err\u00f3nea que\u00a0\u00a0\u00a0los pugs no pueden o no deben hacer ejercicio pero si nosotros lo acostumbramos, claro que lo pueden hacer sin problema, de hecho son muy \u00e1giles.<img loading=\"lazy\" decoding=\"async\" class=\"alignleft size-large wp-image-2371\" src=\"http:\/\/pugsberacas.com\/wp-content\/uploads\/2020\/05\/ejercicio-1024x576.jpg\" alt=\"\" width=\"615\" height=\"346\" srcset=\"https:\/\/pugsberacas.com\/wp-content\/uploads\/2020\/05\/ejercicio-1024x576.jpg 1024w, https:\/\/pugsberacas.com\/wp-content\/uploads\/2020\/05\/ejercicio-300x169.jpg 300w, https:\/\/pugsberacas.com\/wp-content\/uploads\/2020\/05\/ejercicio-768x432.jpg 768w, https:\/\/pugsberacas.com\/wp-content\/uploads\/2020\/05\/ejercicio-695x391.jpg 695w, https:\/\/pugsberacas.com\/wp-content\/uploads\/2020\/05\/ejercicio-930x523.jpg 930w, https:\/\/pugsberacas.com\/wp-content\/uploads\/2020\/05\/ejercicio.jpg 1280w\" sizes=\"auto, (max-width: 615px) 100vw, 615px\" \/><\/p>\n","protected":false},"excerpt":{"rendered":"<p>El primer ejercicio y fundamental para el cachorro es el juego, principalmente con otros cachorros. \u00c9ste desde muy corta edad siente la necesidad natural de explorar el mundo que le rodea, agudizar y potenciar sus instintos primarios b\u00e1sicos que se supone le dar\u00e1n en la edad adulta, las cualidades necesarias para la supervivencia. El instinto<a class=\"moretag\" href=\"https:\/\/pugsberacas.com\/?page_id=200\" title=\"Read more\" target=\"_self\"> &rarr;<\/a><\/p>\n","protected":false},"author":1,"featured_media":0,"parent":49,"menu_order":0,"comment_status":"open","ping_status":"closed","template":"","meta":{"footnotes":""},"class_list":["post-200","page","type-page","status-publish","hentry"],"_links":{"self":[{"href":"https:\/\/pugsberacas.com\/index.php?rest_route=\/wp\/v2\/pages\/200","targetHints":{"allow":["GET"]}}],"collection":[{"href":"https:\/\/pugsberacas.com\/index.php?rest_route=\/wp\/v2\/pages"}],"about":[{"href":"https:\/\/pugsberacas.com\/index.php?rest_route=\/wp\/v2\/types\/page"}],"author":[{"embeddable":true,"href":"https:\/\/pugsberacas.com\/index.php?rest_route=\/wp\/v2\/users\/1"}],"replies":[{"embeddable":true,"href":"https:\/\/pugsberacas.com\/index.php?rest_route=%2Fwp%2Fv2%2Fcomments&post=200"}],"version-history":[{"count":12,"href":"https:\/\/pugsberacas.com\/index.php?rest_route=\/wp\/v2\/pages\/200\/revisions"}],"predecessor-version":[{"id":2373,"href":"https:\/\/pugsberacas.com\/index.php?rest_route=\/wp\/v2\/pages\/200\/revisions\/2373"}],"up":[{"embeddable":true,"href":"https:\/\/pugsberacas.com\/index.php?rest_route=\/wp\/v2\/pages\/49"}],"wp:attachment":[{"href":"https:\/\/pugsberacas.com\/index.php?rest_route=%2Fwp%2Fv2%2Fmedia&parent=200"}],"curies":[{"name":"wp","href":"https:\/\/api.w.org\/{rel}","templated":true}]}}