{"id":197,"date":"2012-02-21T22:06:40","date_gmt":"2012-02-21T22:06:40","guid":{"rendered":"http:\/\/pugsberacas.com\/?page_id=197"},"modified":"2022-05-08T19:35:10","modified_gmt":"2022-05-08T19:35:10","slug":"alimentacion","status":"publish","type":"page","link":"https:\/\/pugsberacas.com\/?page_id=197","title":{"rendered":"ALIMENTACION"},"content":{"rendered":"<p style=\"text-align: justify;\"><strong>La frecuencia ideal para alimentar a un Pug es la siguiente:<\/strong><\/p>\n<p style=\"text-align: justify;\"><strong>2 a 4 meses<\/strong> \u2013 3 veces al d\u00eda<\/p>\n<p style=\"text-align: justify;\"><strong>4 \u2013 12 meses<\/strong> \u2013 2 veces al d\u00eda<\/p>\n<p style=\"text-align: justify;\"><strong>12 meses en adelante<\/strong> \u2013 Nosotros les\u00a0 damos una sola vez al d\u00eda\u00a0 pero en ocasiones algunos perros tienden a presentar cuadros de torsi\u00f3n estomacal o gastritis, dividiendo su raci\u00f3n diaria en dos partes estaremos evitando en buena medida esta condici\u00f3n.<\/p>\n<p style=\"text-align: justify;\">Si decides darle una vez al d\u00eda toda su raci\u00f3n solo aseg\u00farate que despu\u00e9s de comer no haga ning\u00fan tipo de ejercicio por dos o tres horas. Mas vale prevenir que lamentar.<\/p>\n<p style=\"text-align: justify;\">Los preparados comerciales de buena calidad son la fuente mas pr\u00e1ctica y recomendable para alimentar a un Pug.<\/p>\n<p style=\"text-align: justify;\">Mucha gente piensa que si no le das carne, el perro no estar\u00e1 completamente satisfecho y agregan carne o menudencias a su alimento.<\/p>\n<p style=\"text-align: justify;\">Lejos de ayudar, lo que se hace en estos casos es descompensar el equilibrio energ\u00e9tico y nutricional del alimento preparado, ocasionando desde obesidad hasta da\u00f1os en los ri\u00f1ones o el h\u00edgado de nuestro pug.<\/p>\n<p style=\"text-align: justify;\">La decisi\u00f3n de la alimentaci\u00f3n esta en cada propietario pero piensa que para que t\u00fa elabores un alimento completo para un perro tendr\u00edas que tener a la mano muchos ingredientes y si ya existen alimentos\u00a0 muy completos y de excelente calidad,para que complicarnos la vida tratando de elaborar algo que ya esta a nuestro alcance.<\/p>\n<p style=\"text-align: justify;\">Aunque el perro es carn\u00edvoro, en la naturaleza, cuando un lobo caza a una presa lo primero que hace es comerse su estomago y sus intestinos ya que estos contienen granos y vegetales que a su vez contienen vitaminas, minerales y fibras esenciales para su \u00f3ptimo estado de salud.<\/p>\n<p style=\"text-align: justify;\">Pese a su rechoncha figura los Pug son perros muy activos, sobre todo cuando son cachorros y perros j\u00f3venes, sin embargo es una de las razas que mas tiende a la obesidad, no caigas en la tentaci\u00f3n de darle golosinas o comida chatarra o de sobrealimentarlo, basta con dar un alimento que satisfaga completamente sus requerimientos en la cantidad adecuada para no engordarlo, de otra manera nuestro Pug se volver\u00e1 let\u00e1rgico y perezoso.<\/p>\n<p style=\"text-align: justify;\"><strong>\u00bfQUE MARCA DE ALIMENTO LE DOY A MI PUG?<\/strong><\/p>\n<p style=\"text-align: justify;\">Definitivamente cualquier alimento Premium es mejor que el cl\u00e1sico alimento que venden en los supermercados, sin embargo el bolsillo tambi\u00e9n tendr\u00e1 que dar su opini\u00f3n, pero si puedes, dale alimento Premium o S\u00faper Premium (siguiendo las instrucciones del fabricante) por lo menos en su primer a\u00f1o de vida que es cuando tiene su m\u00e1ximo desarrollo.<\/p>\n<p style=\"text-align: justify;\">El crecimiento de un perro es dram\u00e1ticamente influenciado por el tipo de alimentaci\u00f3n que le proporciones, si quieres un Pug precioso dale lo mejor y en la cantidad adecuada, la inversi\u00f3n valdr\u00e1 la pena.<\/p>\n<p style=\"text-align: justify;\">Las vitaminas son tambi\u00e9n indispensables en su etapa de crecimiento y cuando estan mudando de pelo ,te recomiendo las Equilibrium Ages de bayer (omegas) , a nosotros\u00a0\u00a0nos \u00a0han dado estupendos resultados con nuestros pugs.<\/p>\n<p style=\"text-align: justify;\">Dale media tableta cada tercer d\u00eda, no diariamente, ya que algunas vitaminas en exceso pueden causar mas da\u00f1os que beneficios. Despu\u00e9s del a\u00f1o ya no le des vitaminas si su alimento es de buena calidad.<\/p>\n<p style=\"text-align: justify;\">En el Pug la falta de calcio es bastante rara pero si notas que tu cachorro tiene las patas anormalmente delgadas \u00f3 estas empiezan a \u201cenchuecarse\u201d hacia fuera lo mas probable es que sea por falta de calcio. Equilibrium Calcio es tambi\u00e9n muy bueno y con un cuarto de tableta cada tercer d\u00eda esto se remedia muy f\u00e1cilmente.(esto hay que consultarlo antes con un medico veterinario\u00a0 ya que el darle calcio a nuestro pug puede ser peligroso para su salud).<\/p>\n<p style=\"text-align: justify;\">Muchas personas tienen excelentes ejemplares y estos no se desarrollan con normalidad por no seguir estas sencillas reglas de alimentaci\u00f3n.<\/p>\n<p style=\"text-align: justify;\">Igualmente, personas que no tienen ejemplares \u201cde exposici\u00f3n\u201d logran poner a sus perros en un nivel insospechado de hermosura y buena condici\u00f3n gracias a la buena alimentaci\u00f3n,cuidados y cari\u00f1o hacia su pug.<\/p>\n<p style=\"text-align: justify;\">\n<p style=\"text-align: justify;\">\n<p style=\"text-align: justify;\">\u00a0\u00a0\u00a0\u00a0\u00a0\u00a0\u00a0\u00a0\u00a0\u00a0\u00a0\u00a0\u00a0\u00a0\u00a0\u00a0\u00a0\u00a0\u00a0\u00a0\u00a0\u00a0\u00a0\u00a0\u00a0\u00a0\u00a0\u00a0\u00a0\u00a0\u00a0\u00a0\u00a0\u00a0\u00a0 NOSOTROS ALIMENTAMOS A NUESTROS PUGS CON <a href=\"http:\/\/pugsberacas.com\/wp-content\/uploads\/2012\/02\/royal.jpg\"><img loading=\"lazy\" decoding=\"async\" class=\"alignright size-full wp-image-994\" title=\"royal\" src=\"http:\/\/pugsberacas.com\/wp-content\/uploads\/2012\/02\/royal.jpg\" alt=\"\" width=\"192\" height=\"94\" \/><\/a>.<\/p>\n","protected":false},"excerpt":{"rendered":"<p>La frecuencia ideal para alimentar a un Pug es la siguiente: 2 a 4 meses \u2013 3 veces al d\u00eda 4 \u2013 12 meses \u2013 2 veces al d\u00eda 12 meses en adelante \u2013 Nosotros les\u00a0 damos una sola vez al d\u00eda\u00a0 pero en ocasiones algunos perros tienden a presentar cuadros de torsi\u00f3n estomacal o<a class=\"moretag\" href=\"https:\/\/pugsberacas.com\/?page_id=197\" title=\"Read more\" target=\"_self\"> &rarr;<\/a><\/p>\n","protected":false},"author":1,"featured_media":0,"parent":49,"menu_order":0,"comment_status":"open","ping_status":"closed","template":"","meta":{"footnotes":""},"class_list":["post-197","page","type-page","status-publish","hentry"],"_links":{"self":[{"href":"https:\/\/pugsberacas.com\/index.php?rest_route=\/wp\/v2\/pages\/197","targetHints":{"allow":["GET"]}}],"collection":[{"href":"https:\/\/pugsberacas.com\/index.php?rest_route=\/wp\/v2\/pages"}],"about":[{"href":"https:\/\/pugsberacas.com\/index.php?rest_route=\/wp\/v2\/types\/page"}],"author":[{"embeddable":true,"href":"https:\/\/pugsberacas.com\/index.php?rest_route=\/wp\/v2\/users\/1"}],"replies":[{"embeddable":true,"href":"https:\/\/pugsberacas.com\/index.php?rest_route=%2Fwp%2Fv2%2Fcomments&post=197"}],"version-history":[{"count":11,"href":"https:\/\/pugsberacas.com\/index.php?rest_route=\/wp\/v2\/pages\/197\/revisions"}],"predecessor-version":[{"id":2646,"href":"https:\/\/pugsberacas.com\/index.php?rest_route=\/wp\/v2\/pages\/197\/revisions\/2646"}],"up":[{"embeddable":true,"href":"https:\/\/pugsberacas.com\/index.php?rest_route=\/wp\/v2\/pages\/49"}],"wp:attachment":[{"href":"https:\/\/pugsberacas.com\/index.php?rest_route=%2Fwp%2Fv2%2Fmedia&parent=197"}],"curies":[{"name":"wp","href":"https:\/\/api.w.org\/{rel}","templated":true}]}}