{"id":192,"date":"2012-02-21T21:52:45","date_gmt":"2012-02-21T21:52:45","guid":{"rendered":"http:\/\/pugsberacas.com\/?page_id=192"},"modified":"2020-05-29T23:51:01","modified_gmt":"2020-05-29T23:51:01","slug":"el-cachorro-pug","status":"publish","type":"page","link":"https:\/\/pugsberacas.com\/?page_id=192","title":{"rendered":"EL CACHORRO PUG"},"content":{"rendered":"<div style=\"text-align: justify;\"><img loading=\"lazy\" decoding=\"async\" class=\"alignleft size-full wp-image-2335\" src=\"http:\/\/pugsberacas.com\/wp-content\/uploads\/2020\/05\/3CANCUN.jpg\" alt=\"\" width=\"960\" height=\"987\" srcset=\"https:\/\/pugsberacas.com\/wp-content\/uploads\/2020\/05\/3CANCUN.jpg 960w, https:\/\/pugsberacas.com\/wp-content\/uploads\/2020\/05\/3CANCUN-292x300.jpg 292w, https:\/\/pugsberacas.com\/wp-content\/uploads\/2020\/05\/3CANCUN-768x790.jpg 768w, https:\/\/pugsberacas.com\/wp-content\/uploads\/2020\/05\/3CANCUN-695x715.jpg 695w, https:\/\/pugsberacas.com\/wp-content\/uploads\/2020\/05\/3CANCUN-930x956.jpg 930w\" sizes=\"auto, (max-width: 960px) 100vw, 960px\" \/>Desde su mas corta edad los Pugs cautivan por su simpat\u00eda y belleza, rechonchos, chatitos, grandes ojos, sumamente simp\u00e1ticos y sociables, \u00bfQu\u00e9 mas se puede pedir? Al ver uno de ellos y teniendo el dinero suficiente a la mano uno cae \u201credondito\u201d.(esto me paso a mi y me sigue pasando).<\/div>\n<div style=\"text-align: justify;\"><strong>Al escoger un cachorrito debemos tener mucho cuidado en los detalles<\/strong>, pero sobre todo en las enfermedades que pueda tener, en las lineas siguientes te hablar\u00e9 de como escoger un cachorrito y cuales son los signos de alarma que te indican cuando algo no esta bien, lo mejor es no precipitarse.<img loading=\"lazy\" decoding=\"async\" class=\"alignleft size-full wp-image-2338\" src=\"http:\/\/pugsberacas.com\/wp-content\/uploads\/2020\/05\/1065-3.jpg\" alt=\"\" width=\"797\" height=\"685\" srcset=\"https:\/\/pugsberacas.com\/wp-content\/uploads\/2020\/05\/1065-3.jpg 797w, https:\/\/pugsberacas.com\/wp-content\/uploads\/2020\/05\/1065-3-300x258.jpg 300w, https:\/\/pugsberacas.com\/wp-content\/uploads\/2020\/05\/1065-3-768x660.jpg 768w, https:\/\/pugsberacas.com\/wp-content\/uploads\/2020\/05\/1065-3-695x597.jpg 695w\" sizes=\"auto, (max-width: 797px) 100vw, 797px\" \/><\/div>\n<div style=\"text-align: justify;\">Por esto y muchos detalles mas es importante adquirir un cachorro en un criadero especializado en mexico hay varios o si queremos un ejemplar de bajo costo solo como compa\u00f1ero familiar y sin ninguna pretensi\u00f3n para exposiciones por lo menos deberemos comprarlo a un particular que pueda mostrarnos a los padres para comprobar la calidad que podr\u00edan tener nuestros cachorros cuando sean grandes.<\/div>\n<div style=\"text-align: justify;\"><strong>As\u00ed mismo deberemos verificar que nuestro cachorro tenga los ojos brillantes, los dientes sanos, sin presentar inflamaciones en las enc\u00edas las cuales deben ser de un saludable color salm\u00f3n.<\/strong><\/div>\n<div style=\"text-align: justify;\"><strong>Debemos verificar que no tenga rastros de excremento alrededor del ano ya que esto puede ser se\u00f1al de diarrea.<img loading=\"lazy\" decoding=\"async\" class=\"alignleft size-large wp-image-2340\" src=\"http:\/\/pugsberacas.com\/wp-content\/uploads\/2020\/05\/CANELITOS-SESION-087-1024x711.jpg\" alt=\"\" width=\"615\" height=\"427\" srcset=\"https:\/\/pugsberacas.com\/wp-content\/uploads\/2020\/05\/CANELITOS-SESION-087-1024x711.jpg 1024w, https:\/\/pugsberacas.com\/wp-content\/uploads\/2020\/05\/CANELITOS-SESION-087-300x208.jpg 300w, https:\/\/pugsberacas.com\/wp-content\/uploads\/2020\/05\/CANELITOS-SESION-087-768x533.jpg 768w, https:\/\/pugsberacas.com\/wp-content\/uploads\/2020\/05\/CANELITOS-SESION-087-695x483.jpg 695w, https:\/\/pugsberacas.com\/wp-content\/uploads\/2020\/05\/CANELITOS-SESION-087-930x646.jpg 930w, https:\/\/pugsberacas.com\/wp-content\/uploads\/2020\/05\/CANELITOS-SESION-087.jpg 1319w\" sizes=\"auto, (max-width: 615px) 100vw, 615px\" \/><\/strong><\/div>\n<div>Las costillas no deben verse a simple vista y los huesos de la cadera no deben sobresalir y presentar un nivel muy bajo de grasa ya que esto es s\u00edmbolo de una mala alimentaci\u00f3n.<\/div>\n<div>Debemos revisar que las orejas no tengan concentraciones de cerilla oscura y mal oliente ya que puede tratarse de una otitis dif\u00edcil de curar.<\/div>\n<div><\/div>\n<div>\u00a0 \u00a0<a href=\"http:\/\/pugsberacas.com\/wp-content\/uploads\/2012\/02\/fotos-federacion-079.jpg\"><img loading=\"lazy\" decoding=\"async\" class=\"aligncenter wp-image-924 size-medium\" src=\"http:\/\/pugsberacas.com\/wp-content\/uploads\/2012\/02\/fotos-federacion-079-300x225.jpg\" alt=\"fotos federacion 079\" width=\"300\" height=\"225\" srcset=\"https:\/\/pugsberacas.com\/wp-content\/uploads\/2012\/02\/fotos-federacion-079-300x225.jpg 300w, https:\/\/pugsberacas.com\/wp-content\/uploads\/2012\/02\/fotos-federacion-079-1024x768.jpg 1024w, https:\/\/pugsberacas.com\/wp-content\/uploads\/2012\/02\/fotos-federacion-079.jpg 1600w\" sizes=\"auto, (max-width: 300px) 100vw, 300px\" \/><\/a><\/div>\n<div style=\"text-align: justify;\"><strong>Vigilemos que su pancita este libre de granitos o excoriaciones que pueden indicar presencia de \u00e1caros u otros par\u00e1sitos externos.<\/strong><\/div>\n<div style=\"text-align: justify;\">Un cachorro de Pug, como cualquier otro, es en ocasiones reservado con personas que no le sean familiares, sin embargo <strong>debemos desconfiar de cachorros demasiado retra\u00eddos <\/strong>que huyan de nuestra presencia ya que puede indicar taras gen\u00e9ticas, una mala socializaci\u00f3n con los humanos por parte del criador \u00f3 incluso maltrato lo cual, a largo plazo puede influir seriamente en el car\u00e1cter del perro cuando sea adulto.<\/div>\n<div style=\"text-align: justify;\">Por otra parte <strong>debemos pedir al criador el carnet veterinario de nuestro cachorro en donde aparezcan, por lo menos, la vacuna puppy que debe ser aplicada a un cachorrito entre el mes y medio y los dos meses de edad y el registro de desparacitaciones que se le hayan puesto hasta el momento.<\/strong><\/div>\n<div style=\"text-align: justify;\"><strong>Mucho cuidado debemos tener con las infecciones de ojos<\/strong> que son muy comunes en la raza por sus caracter\u00edsticas f\u00edsicas, debemos corroborar que no est\u00e9n irritados ni presenten lagrimeo excesivo o laga\u00f1as espesas.<img loading=\"lazy\" decoding=\"async\" class=\"alignleft size-large wp-image-2343\" src=\"http:\/\/pugsberacas.com\/wp-content\/uploads\/2020\/05\/CACHORROS-CARRITO-1024x768.jpg\" alt=\"\" width=\"615\" height=\"461\" srcset=\"https:\/\/pugsberacas.com\/wp-content\/uploads\/2020\/05\/CACHORROS-CARRITO-1024x768.jpg 1024w, https:\/\/pugsberacas.com\/wp-content\/uploads\/2020\/05\/CACHORROS-CARRITO-300x225.jpg 300w, https:\/\/pugsberacas.com\/wp-content\/uploads\/2020\/05\/CACHORROS-CARRITO-768x576.jpg 768w, https:\/\/pugsberacas.com\/wp-content\/uploads\/2020\/05\/CACHORROS-CARRITO-1536x1152.jpg 1536w, https:\/\/pugsberacas.com\/wp-content\/uploads\/2020\/05\/CACHORROS-CARRITO-695x521.jpg 695w, https:\/\/pugsberacas.com\/wp-content\/uploads\/2020\/05\/CACHORROS-CARRITO-930x698.jpg 930w, https:\/\/pugsberacas.com\/wp-content\/uploads\/2020\/05\/CACHORROS-CARRITO.jpg 1600w\" sizes=\"auto, (max-width: 615px) 100vw, 615px\" \/><\/div>\n<div style=\"text-align: justify;\"><\/div>\n<div style=\"text-align: justify;\">Por otra parte el Pug no es f\u00e1cil de \u201cfalsificar\u201d pero recordemos que en M\u00e9xico se venden perros con muy MALA \u00a0gen\u00e9tica y si, incluso cruzas extra\u00f1as que al pasar los meses nos pueden dar una desagradable sorpresa.<\/div>\n<div style=\"text-align: justify;\"><\/div>\n<div style=\"text-align: justify;\">Es por ello que hago hincapi\u00e9 en comprar tu cachorro en un buen criadero o en un lugar donde puedan mostrarte a su padres (de preferencia a los dos), de otra manera te expones a adquirir \u201cgato por liebre\u201d. Un tip es el costo del cachorro.<\/div>\n<div style=\"text-align: justify;\">\n<p><i>Quiz\u00e1<\/i><em>\u00a0encuentres \u00a0algunos cachorritos \u00a0pug \u00a0 Baratos en el mercado, pero Recuerda \u00a0que &#8230;\u00a0<\/em><\/p>\n<p><em>&#8220;LA AMARGURA DE LA MALA CALIDAD, CONTINUA AUN\u00a0DESPU\u00c9S\u00a0DE OLVIDAR LA DULZURA DE UN BAJO COSTO&#8221;<\/em><\/p>\n<\/div>\n<div style=\"text-align: justify;\"><\/div>\n<div style=\"text-align: justify;\"><img loading=\"lazy\" decoding=\"async\" class=\"alignleft size-large wp-image-2341\" src=\"http:\/\/pugsberacas.com\/wp-content\/uploads\/2020\/05\/CANELITOS-SESION-069-1024x920.jpg\" alt=\"\" width=\"615\" height=\"553\" srcset=\"https:\/\/pugsberacas.com\/wp-content\/uploads\/2020\/05\/CANELITOS-SESION-069-1024x920.jpg 1024w, https:\/\/pugsberacas.com\/wp-content\/uploads\/2020\/05\/CANELITOS-SESION-069-300x270.jpg 300w, https:\/\/pugsberacas.com\/wp-content\/uploads\/2020\/05\/CANELITOS-SESION-069-768x690.jpg 768w, https:\/\/pugsberacas.com\/wp-content\/uploads\/2020\/05\/CANELITOS-SESION-069-695x625.jpg 695w, https:\/\/pugsberacas.com\/wp-content\/uploads\/2020\/05\/CANELITOS-SESION-069-930x836.jpg 930w, https:\/\/pugsberacas.com\/wp-content\/uploads\/2020\/05\/CANELITOS-SESION-069.jpg 1335w\" sizes=\"auto, (max-width: 615px) 100vw, 615px\" \/><\/div>\n","protected":false},"excerpt":{"rendered":"<p>Desde su mas corta edad los Pugs cautivan por su simpat\u00eda y belleza, rechonchos, chatitos, grandes ojos, sumamente simp\u00e1ticos y sociables, \u00bfQu\u00e9 mas se puede pedir? Al ver uno de ellos y teniendo el dinero suficiente a la mano uno cae \u201credondito\u201d.(esto me paso a mi y me sigue pasando). Al escoger un cachorrito debemos<a class=\"moretag\" href=\"https:\/\/pugsberacas.com\/?page_id=192\" title=\"Read more\" target=\"_self\"> &rarr;<\/a><\/p>\n","protected":false},"author":1,"featured_media":0,"parent":49,"menu_order":0,"comment_status":"open","ping_status":"closed","template":"","meta":{"footnotes":""},"class_list":["post-192","page","type-page","status-publish","hentry"],"_links":{"self":[{"href":"https:\/\/pugsberacas.com\/index.php?rest_route=\/wp\/v2\/pages\/192","targetHints":{"allow":["GET"]}}],"collection":[{"href":"https:\/\/pugsberacas.com\/index.php?rest_route=\/wp\/v2\/pages"}],"about":[{"href":"https:\/\/pugsberacas.com\/index.php?rest_route=\/wp\/v2\/types\/page"}],"author":[{"embeddable":true,"href":"https:\/\/pugsberacas.com\/index.php?rest_route=\/wp\/v2\/users\/1"}],"replies":[{"embeddable":true,"href":"https:\/\/pugsberacas.com\/index.php?rest_route=%2Fwp%2Fv2%2Fcomments&post=192"}],"version-history":[{"count":12,"href":"https:\/\/pugsberacas.com\/index.php?rest_route=\/wp\/v2\/pages\/192\/revisions"}],"predecessor-version":[{"id":2344,"href":"https:\/\/pugsberacas.com\/index.php?rest_route=\/wp\/v2\/pages\/192\/revisions\/2344"}],"up":[{"embeddable":true,"href":"https:\/\/pugsberacas.com\/index.php?rest_route=\/wp\/v2\/pages\/49"}],"wp:attachment":[{"href":"https:\/\/pugsberacas.com\/index.php?rest_route=%2Fwp%2Fv2%2Fmedia&parent=192"}],"curies":[{"name":"wp","href":"https:\/\/api.w.org\/{rel}","templated":true}]}}