{"id":187,"date":"2012-02-21T21:45:03","date_gmt":"2012-02-21T21:45:03","guid":{"rendered":"http:\/\/pugsberacas.com\/?page_id=187"},"modified":"2020-05-29T23:57:24","modified_gmt":"2020-05-29T23:57:24","slug":"el-nuevo-cachorrito","status":"publish","type":"page","link":"https:\/\/pugsberacas.com\/?page_id=187","title":{"rendered":"EL NUEVO CACHORRITO"},"content":{"rendered":"<p style=\"text-align: justify;\"><img loading=\"lazy\" decoding=\"async\" class=\"alignleft size-large wp-image-2347\" src=\"http:\/\/pugsberacas.com\/wp-content\/uploads\/2020\/05\/SIMONSITAS-060-1024x571.jpg\" alt=\"\" width=\"615\" height=\"343\" srcset=\"https:\/\/pugsberacas.com\/wp-content\/uploads\/2020\/05\/SIMONSITAS-060-1024x571.jpg 1024w, https:\/\/pugsberacas.com\/wp-content\/uploads\/2020\/05\/SIMONSITAS-060-300x167.jpg 300w, https:\/\/pugsberacas.com\/wp-content\/uploads\/2020\/05\/SIMONSITAS-060-768x428.jpg 768w, https:\/\/pugsberacas.com\/wp-content\/uploads\/2020\/05\/SIMONSITAS-060-1536x856.jpg 1536w, https:\/\/pugsberacas.com\/wp-content\/uploads\/2020\/05\/SIMONSITAS-060-695x387.jpg 695w, https:\/\/pugsberacas.com\/wp-content\/uploads\/2020\/05\/SIMONSITAS-060-930x518.jpg 930w, https:\/\/pugsberacas.com\/wp-content\/uploads\/2020\/05\/SIMONSITAS-060.jpg 1600w\" sizes=\"auto, (max-width: 615px) 100vw, 615px\" \/>Si ha escogido ya a su cachorro entre varias razas y entre varias camadas diferentes y entre cada uno de los diferentes cachorritos de cada camada lo m\u00e1s aconsejable antes de llevar a casa a este cachorrito es leer todo lo que caiga en sus manos referente al manejo del Pug. Lea, estudie y asimile la informaci\u00f3n, esto le ayudar\u00e1 a comprender y educar de una manera mas sencilla a su nuevo amigo.<\/p>\n<p style=\"text-align: justify;\">Por supuesto debemos de contar, por lo menos, con lo siguiente:<\/p>\n<p style=\"text-align: justify;\"><strong>&#8211; Camita suave para que duerma el cachorro.<img loading=\"lazy\" decoding=\"async\" class=\"alignleft size-large wp-image-2348\" src=\"http:\/\/pugsberacas.com\/wp-content\/uploads\/2020\/05\/puppys-vasty-014-1024x904.jpg\" alt=\"\" width=\"615\" height=\"543\" srcset=\"https:\/\/pugsberacas.com\/wp-content\/uploads\/2020\/05\/puppys-vasty-014-1024x904.jpg 1024w, https:\/\/pugsberacas.com\/wp-content\/uploads\/2020\/05\/puppys-vasty-014-300x265.jpg 300w, https:\/\/pugsberacas.com\/wp-content\/uploads\/2020\/05\/puppys-vasty-014-768x678.jpg 768w, https:\/\/pugsberacas.com\/wp-content\/uploads\/2020\/05\/puppys-vasty-014-695x613.jpg 695w, https:\/\/pugsberacas.com\/wp-content\/uploads\/2020\/05\/puppys-vasty-014-930x821.jpg 930w, https:\/\/pugsberacas.com\/wp-content\/uploads\/2020\/05\/puppys-vasty-014.jpg 1360w\" sizes=\"auto, (max-width: 615px) 100vw, 615px\" \/><br \/>\n&#8211; Un par de juguetes especiales para perro de raza peque\u00f1a.<br \/>\n&#8211; Comedero y bebedero.<\/strong><\/p>\n<p style=\"text-align: justify;\"><strong>&#8211; Croquetas de buena calidad.<\/strong> Es un error muy com\u00fan no preguntar al criador la marca de croquetas que come habitualmente el cachorrito y no debemos cambiarlas bruscamente ya que podemos ocasionar una diarrea que debilite la salud de nuestro amiguito.<\/p>\n<p style=\"text-align: justify;\">&#8211; Si el cachorro es muy peque\u00f1o Es aconsejable pedir al criador, en la medida de lo posible, un pedacito de la cobija en donde duerme el cachorro ya que se encuentra impregnada del olor de su madre y sus hermanos, esto nos ayudar\u00e1 para pasar la primera noche con los menores aullidos posibles cuando comience a extra\u00f1ar su antiguo entorno. En caso de que el criador no acceda a nuestra petici\u00f3n debemos ir preparados con nuestra frazada y pedir al criador que frote con ella a la madre y a sus hermanos para que nuestro perrito se sienta mas seguro y confortado. TAMPOCO ES ALGO DE LO QUE TENGAMOS QUE PREOCUPARNOS DE MAS YA QUE ESTOS CHATOS SE ADAPTAN RAPID\u00cdSIMO A SU NUEVO HOGAR.<img loading=\"lazy\" decoding=\"async\" class=\"alignleft size-large wp-image-2346\" src=\"http:\/\/pugsberacas.com\/wp-content\/uploads\/2020\/05\/puppys-vasty-018-1024x689.jpg\" alt=\"\" width=\"615\" height=\"414\" srcset=\"https:\/\/pugsberacas.com\/wp-content\/uploads\/2020\/05\/puppys-vasty-018-1024x689.jpg 1024w, https:\/\/pugsberacas.com\/wp-content\/uploads\/2020\/05\/puppys-vasty-018-300x202.jpg 300w, https:\/\/pugsberacas.com\/wp-content\/uploads\/2020\/05\/puppys-vasty-018-768x516.jpg 768w, https:\/\/pugsberacas.com\/wp-content\/uploads\/2020\/05\/puppys-vasty-018-695x467.jpg 695w, https:\/\/pugsberacas.com\/wp-content\/uploads\/2020\/05\/puppys-vasty-018-930x625.jpg 930w, https:\/\/pugsberacas.com\/wp-content\/uploads\/2020\/05\/puppys-vasty-018.jpg 1517w\" sizes=\"auto, (max-width: 615px) 100vw, 615px\" \/><\/p>\n","protected":false},"excerpt":{"rendered":"<p>Si ha escogido ya a su cachorro entre varias razas y entre varias camadas diferentes y entre cada uno de los diferentes cachorritos de cada camada lo m\u00e1s aconsejable antes de llevar a casa a este cachorrito es leer todo lo que caiga en sus manos referente al manejo del Pug. Lea, estudie y asimile<a class=\"moretag\" href=\"https:\/\/pugsberacas.com\/?page_id=187\" title=\"Read more\" target=\"_self\"> &rarr;<\/a><\/p>\n","protected":false},"author":1,"featured_media":0,"parent":49,"menu_order":0,"comment_status":"open","ping_status":"closed","template":"","meta":{"footnotes":""},"class_list":["post-187","page","type-page","status-publish","hentry"],"_links":{"self":[{"href":"https:\/\/pugsberacas.com\/index.php?rest_route=\/wp\/v2\/pages\/187","targetHints":{"allow":["GET"]}}],"collection":[{"href":"https:\/\/pugsberacas.com\/index.php?rest_route=\/wp\/v2\/pages"}],"about":[{"href":"https:\/\/pugsberacas.com\/index.php?rest_route=\/wp\/v2\/types\/page"}],"author":[{"embeddable":true,"href":"https:\/\/pugsberacas.com\/index.php?rest_route=\/wp\/v2\/users\/1"}],"replies":[{"embeddable":true,"href":"https:\/\/pugsberacas.com\/index.php?rest_route=%2Fwp%2Fv2%2Fcomments&post=187"}],"version-history":[{"count":10,"href":"https:\/\/pugsberacas.com\/index.php?rest_route=\/wp\/v2\/pages\/187\/revisions"}],"predecessor-version":[{"id":2349,"href":"https:\/\/pugsberacas.com\/index.php?rest_route=\/wp\/v2\/pages\/187\/revisions\/2349"}],"up":[{"embeddable":true,"href":"https:\/\/pugsberacas.com\/index.php?rest_route=\/wp\/v2\/pages\/49"}],"wp:attachment":[{"href":"https:\/\/pugsberacas.com\/index.php?rest_route=%2Fwp%2Fv2%2Fmedia&parent=187"}],"curies":[{"name":"wp","href":"https:\/\/api.w.org\/{rel}","templated":true}]}}