{"id":170,"date":"2012-02-21T21:29:03","date_gmt":"2012-02-21T21:29:03","guid":{"rendered":"http:\/\/pugsberacas.com\/?page_id=170"},"modified":"2020-05-29T21:04:56","modified_gmt":"2020-05-29T21:04:56","slug":"estandar","status":"publish","type":"page","link":"https:\/\/pugsberacas.com\/?page_id=170","title":{"rendered":"ESTANDAR"},"content":{"rendered":"<p style=\"text-align: justify;\"><a href=\"http:\/\/pugsberacas.com\/wp-content\/uploads\/2012\/02\/estandarprincipal.jpg\"><img loading=\"lazy\" decoding=\"async\" class=\"size-full wp-image-171 alignleft\" title=\"estandarprincipal\" src=\"http:\/\/pugsberacas.com\/wp-content\/uploads\/2012\/02\/estandarprincipal.jpg\" alt=\"\" width=\"536\" height=\"356\" srcset=\"https:\/\/pugsberacas.com\/wp-content\/uploads\/2012\/02\/estandarprincipal.jpg 670w, https:\/\/pugsberacas.com\/wp-content\/uploads\/2012\/02\/estandarprincipal-300x199.jpg 300w\" sizes=\"auto, (max-width: 536px) 100vw, 536px\" \/><\/a><strong>F.C.I. 253<br \/>\nEst\u00e1ndar \/ 11.05.1998 \/ E<br \/>\nDoguillo, Carlino<br \/>\nRaza China.<br \/>\nPATROCINIO:<br \/>\nGran Breta\u00f1a<br \/>\nFECHA DE PUBLICACI\u00d3N DEL EST\u00c1NDAR ORIGINAL V\u00c1LIDO:<br \/>\n24.06.1987.<br \/>\nUTILIZACI\u00d3N:<br \/>\nPerro de compa\u00f1\u00eda.<\/strong><\/p>\n<p style=\"text-align: justify;\"><strong>CLASIFICACI\u00d3N FCI :<\/strong><br \/>\nGrupo 9 Perros de compa\u00f1\u00eda.<br \/>\nSecci\u00f3n 11 Molosoides de talla peque\u00f1a.\u00a0\u00a0\u00a0\u00a0\u00a0\u00a0\u00a0\u00a0\u00a0\u00a0\u00a0\u00a0\u00a0\u00a0\u00a0\u00a0\u00a0\u00a0\u00a0\u00a0 <a href=\"http:\/\/pugsberacas.com\/wp-content\/uploads\/2012\/02\/MIRANDA-0012.jpg\"><img loading=\"lazy\" decoding=\"async\" class=\"alignright size-medium wp-image-552\" title=\"MIRANDA 001\" src=\"http:\/\/pugsberacas.com\/wp-content\/uploads\/2012\/02\/MIRANDA-0012-300x218.jpg\" alt=\"\" width=\"300\" height=\"218\" \/><\/a><br \/>\nSin prueba de trabajo.<\/p>\n<p style=\"text-align: justify;\"><strong>ASPECTO GENERAL :<\/strong><br \/>\nEs indudablemente un perro cuadrado y regordete, &#8220;multum in parvo&#8221; (mucha sustancia en\u00a0pocc espacio) que lo muestra en su estructura compacta, sus proporciones bien construidas y la dureza de sus m\u00fasculos.<img loading=\"lazy\" decoding=\"async\" class=\"alignleft size-large wp-image-2327\" src=\"http:\/\/pugsberacas.com\/wp-content\/uploads\/2020\/05\/10636680_771597722898564_1470957861966890105_o-1024x802.jpg\" alt=\"\" width=\"615\" height=\"482\" srcset=\"https:\/\/pugsberacas.com\/wp-content\/uploads\/2020\/05\/10636680_771597722898564_1470957861966890105_o-1024x802.jpg 1024w, https:\/\/pugsberacas.com\/wp-content\/uploads\/2020\/05\/10636680_771597722898564_1470957861966890105_o-300x235.jpg 300w, https:\/\/pugsberacas.com\/wp-content\/uploads\/2020\/05\/10636680_771597722898564_1470957861966890105_o-768x602.jpg 768w, https:\/\/pugsberacas.com\/wp-content\/uploads\/2020\/05\/10636680_771597722898564_1470957861966890105_o-1536x1203.jpg 1536w, https:\/\/pugsberacas.com\/wp-content\/uploads\/2020\/05\/10636680_771597722898564_1470957861966890105_o-695x544.jpg 695w, https:\/\/pugsberacas.com\/wp-content\/uploads\/2020\/05\/10636680_771597722898564_1470957861966890105_o-930x728.jpg 930w, https:\/\/pugsberacas.com\/wp-content\/uploads\/2020\/05\/10636680_771597722898564_1470957861966890105_o.jpg 2048w\" sizes=\"auto, (max-width: 615px) 100vw, 615px\" \/><\/p>\n<p style=\"text-align: justify;\"><strong>TEMPERAMENTO \/ COMPORTAMIENTO :<\/strong><br \/>\nGran encanto, dignidad e inteligencia. Equilibrado, alegre y vivaz.<\/p>\n<p style=\"text-align: justify;\"><strong>CABEZA :<\/strong><br \/>\nGrande, redonda, no debe tener forma de manzana<img loading=\"lazy\" decoding=\"async\" class=\"alignleft size-full wp-image-2328\" src=\"http:\/\/pugsberacas.com\/wp-content\/uploads\/2020\/05\/APOLO-X.jpg\" alt=\"\" width=\"367\" height=\"480\" srcset=\"https:\/\/pugsberacas.com\/wp-content\/uploads\/2020\/05\/APOLO-X.jpg 367w, https:\/\/pugsberacas.com\/wp-content\/uploads\/2020\/05\/APOLO-X-229x300.jpg 229w\" sizes=\"auto, (max-width: 367px) 100vw, 367px\" \/><\/p>\n<p style=\"text-align: justify;\"><strong>REGI\u00d3N CRANEAL<\/strong><br \/>\n<strong>\u2022 Cr\u00e1neo :<\/strong> Sin hendidura. Las arrugas deben estar claramente definidas.<\/p>\n<p style=\"text-align: justify;\"><strong>REGI\u00d3N FACIAL<\/strong><br \/>\n<strong>\u2022 Hocico :<\/strong> Corto, obtuso, cuadrado, no encorvado hacia arriba.<br \/>\n<strong>\u2022 Mand\u00edbulas \/ Dientes :<\/strong> Con un ligero prognatismo inferior. Es muy indeseable el hocico torcido y que se vean los dientes y la lengua. El maxilar inferior es ancho con los incisivos colocados casi en l\u00ednea recta.<br \/>\n<strong>\u2022 Ojos :<\/strong> Oscuros, muy grandes, de forma globular, de expresi\u00f3n dulce y preocupada, muy brillantes, y cuando est\u00e1 excitado llenos de ardor.<br \/>\n<strong>\u2022 Orejas :<\/strong> Delgadas, peque\u00f1as y suaves como de terciopelo negro. Las hay de dos tipos: &#8220;Oreja en rosa&#8221;, que es una oreja peque\u00f1a colgante que se dobla hacia atr\u00e1s para mostrar el canal auricular. &#8220;Oreja de bot\u00f3n&#8221;, que es una oreja que se plega dobl\u00e1ndose hacia adelante, la punta se adhiere al cr\u00e1neo para cubrir el orificio auricular y apunta hacia el ojo. Se prefieren las \u00faltimas.<img loading=\"lazy\" decoding=\"async\" class=\"alignleft size-large wp-image-884\" src=\"http:\/\/pugsberacas.com\/wp-content\/uploads\/2012\/05\/chilenazo-ch.mex_.-1024x818.jpg\" alt=\"\" width=\"615\" height=\"491\" srcset=\"https:\/\/pugsberacas.com\/wp-content\/uploads\/2012\/05\/chilenazo-ch.mex_.-1024x818.jpg 1024w, https:\/\/pugsberacas.com\/wp-content\/uploads\/2012\/05\/chilenazo-ch.mex_.-300x239.jpg 300w\" sizes=\"auto, (max-width: 615px) 100vw, 615px\" \/><\/p>\n<p style=\"text-align: justify;\"><strong>CUELLO :<\/strong><br \/>\nCorto, grueso y con papada.<\/p>\n<p style=\"text-align: justify;\"><strong>CUERPO :<\/strong><br \/>\nCorto y compacto.<br \/>\n<strong>\u2022 Espalda :<\/strong> L\u00ednea superior nivelada; no debe ser ni c\u00f3ncava ni inclinada.<br \/>\n<strong>\u2022 Pecho :<\/strong> Amplio y costillas arqueadas.<\/p>\n<p style=\"text-align: justify;\"><strong>COLA :<\/strong><br \/>\n(Espiral) : De inserci\u00f3n alta, enroscada lo m\u00e1s apretada posible sobre la cadera. El doble enroscamiento es altamente deseable.<\/p>\n<p style=\"text-align: justify;\"><strong>EXTREMIDADES<\/strong><\/p>\n<p style=\"text-align: justify;\"><strong>MIEMBROS ANTERIORES :<\/strong><br \/>\nMuy fuertes, rectos, de largo moderado y bien colocados bajo del cuerpo.<br \/>\n<strong>\u2022 Hombros :<\/strong> Bien inclinados hacia atr\u00e1s.<img loading=\"lazy\" decoding=\"async\" class=\"alignleft size-large wp-image-887\" src=\"http:\/\/pugsberacas.com\/wp-content\/uploads\/2012\/05\/chilenazo5-1024x866.jpg\" alt=\"\" width=\"615\" height=\"520\" srcset=\"https:\/\/pugsberacas.com\/wp-content\/uploads\/2012\/05\/chilenazo5-1024x866.jpg 1024w, https:\/\/pugsberacas.com\/wp-content\/uploads\/2012\/05\/chilenazo5-300x253.jpg 300w, https:\/\/pugsberacas.com\/wp-content\/uploads\/2012\/05\/chilenazo5.jpg 2009w\" sizes=\"auto, (max-width: 615px) 100vw, 615px\" \/><\/p>\n<p style=\"text-align: justify;\"><strong>MIEMBROS POSTERIORES :<\/strong><br \/>\nFuertes y musculosos, con la suficiente angulaci\u00f2n para proporcionar buen aplomo.<\/p>\n<p style=\"text-align: justify;\"><strong>PIES :<\/strong><br \/>\nNi tan largos como el pie de la liebre ni tan redondos como el pie del gato; con los dedos bien separados; las u\u00f1as deben ser de color negro.<\/p>\n<p style=\"text-align: justify;\"><strong>MOVIMIENTO :<\/strong><br \/>\nVisto desde el frente deber\u00e1 levantar los miembros delanteros y dejarlos caer bien rectos debajo de los hombros, manteniendo los pies directamente hacia adelante, sin desviarlos hacia adentro o afuera. Desde atr\u00e1s, la acci\u00f3n debe ser igualmente correcta. Los miembros anteriores los utiliza con fuerza llev\u00e1ndolos bien hacia adelante y los posteriores movi\u00e9ndolos libremente y doblando bien las rodillas. Un ligero balanceo de los cuartos posteriores caracteriza la andadura.<img loading=\"lazy\" decoding=\"async\" class=\"alignleft size-large wp-image-980\" src=\"http:\/\/pugsberacas.com\/wp-content\/uploads\/2012\/02\/Scan-768x1024.jpg\" alt=\"\" width=\"615\" height=\"820\" srcset=\"https:\/\/pugsberacas.com\/wp-content\/uploads\/2012\/02\/Scan-768x1024.jpg 768w, https:\/\/pugsberacas.com\/wp-content\/uploads\/2012\/02\/Scan-225x300.jpg 225w\" sizes=\"auto, (max-width: 615px) 100vw, 615px\" \/><\/p>\n<p style=\"text-align: justify;\"><strong>PELAJE<\/strong><\/p>\n<p style=\"text-align: justify;\"><strong>PELO :<\/strong><br \/>\nDe textura fina, liso, suave, corto y brillante. Ni \u00e1spero ni lanoso.<a href=\"http:\/\/pugsberacas.com\/wp-content\/uploads\/2012\/02\/Explorar0001.jpg\"><img loading=\"lazy\" decoding=\"async\" class=\"alignright size-medium wp-image-554\" title=\"Explorar0001\" src=\"http:\/\/pugsberacas.com\/wp-content\/uploads\/2012\/02\/Explorar0001-300x241.jpg\" alt=\"\" width=\"300\" height=\"241\" srcset=\"https:\/\/pugsberacas.com\/wp-content\/uploads\/2012\/02\/Explorar0001-300x241.jpg 300w, https:\/\/pugsberacas.com\/wp-content\/uploads\/2012\/02\/Explorar0001.jpg 417w\" sizes=\"auto, (max-width: 300px) 100vw, 300px\" \/><\/a><\/p>\n<p style=\"text-align: justify;\"><strong>COLOR :<\/strong><br \/>\nPlata, albaricoque, leonado claro o negro. Cada uno de estos colores debe estar claramente definido para subrayar el contraste entre el color, la estr\u00eda (una l\u00ednea negra que se extiende desde el occipucio hasta la enroscadura de la cola) y la m\u00e1scara. Las marcas tienen que estar bien definidas. El hocico o la m\u00e1scara, las orejas, los lunares en las mejillas, la marca del pulgar o el rombo de la frente y la estr\u00eda deben ser lo m\u00e1s negro posible.<\/p>\n<p style=\"text-align: justify;\"><strong>PESO :<\/strong><br \/>\nEl peso ideal es entre 6,3 y 8,1 kg (14-18 libras inglesas).<img loading=\"lazy\" decoding=\"async\" class=\"alignleft size-large wp-image-798\" src=\"http:\/\/pugsberacas.com\/wp-content\/uploads\/2012\/02\/show2-796x1024.jpg\" alt=\"\" width=\"615\" height=\"791\" srcset=\"https:\/\/pugsberacas.com\/wp-content\/uploads\/2012\/02\/show2-796x1024.jpg 796w, https:\/\/pugsberacas.com\/wp-content\/uploads\/2012\/02\/show2-233x300.jpg 233w, https:\/\/pugsberacas.com\/wp-content\/uploads\/2012\/02\/show2.jpg 1794w\" sizes=\"auto, (max-width: 615px) 100vw, 615px\" \/><\/p>\n<p style=\"text-align: justify;\"><strong>FALTAS :<\/strong><br \/>\nCualquier desviaci\u00f3n de los criterios antes mencionados se considera como falta y la gravedad de \u00e9sta se considera al grado de la desviaci\u00f3n del est\u00e1ndar.<\/p>\n<p style=\"text-align: justify;\"><strong><em>NOTA : Los machos deben tener dos test\u00edculos de apariencia normal completamente descendidos en el escroto.<\/em><\/strong><\/p>\n<p style=\"text-align: justify;\"><strong><em><a href=\"http:\/\/pugsberacas.com\/wp-content\/uploads\/2015\/03\/1925140_810672785657724_6234387466483871916_n.jpg\"><img loading=\"lazy\" decoding=\"async\" class=\"alignleft size-full wp-image-1284\" src=\"http:\/\/pugsberacas.com\/wp-content\/uploads\/2015\/03\/1925140_810672785657724_6234387466483871916_n.jpg\" alt=\"1925140_810672785657724_6234387466483871916_n\" width=\"280\" height=\"247\" \/><\/a><a href=\"http:\/\/pugsberacas.com\/wp-content\/uploads\/2013\/11\/p5.jpg\"><img loading=\"lazy\" decoding=\"async\" class=\"aligncenter size-full wp-image-1050\" src=\"http:\/\/pugsberacas.com\/wp-content\/uploads\/2013\/11\/p5.jpg\" alt=\"p5\" width=\"960\" height=\"330\" srcset=\"https:\/\/pugsberacas.com\/wp-content\/uploads\/2013\/11\/p5.jpg 960w, https:\/\/pugsberacas.com\/wp-content\/uploads\/2013\/11\/p5-300x103.jpg 300w\" sizes=\"auto, (max-width: 960px) 100vw, 960px\" \/><\/a><a href=\"http:\/\/pugsberacas.com\/wp-content\/uploads\/2012\/02\/REGISTROS-018.jpg\"><img loading=\"lazy\" decoding=\"async\" class=\"aligncenter size-medium wp-image-555\" title=\"REGISTROS 018\" src=\"http:\/\/pugsberacas.com\/wp-content\/uploads\/2012\/02\/REGISTROS-018-210x300.jpg\" alt=\"\" width=\"210\" height=\"300\" srcset=\"https:\/\/pugsberacas.com\/wp-content\/uploads\/2012\/02\/REGISTROS-018-210x300.jpg 210w, https:\/\/pugsberacas.com\/wp-content\/uploads\/2012\/02\/REGISTROS-018.jpg 314w\" sizes=\"auto, (max-width: 210px) 100vw, 210px\" \/><\/a> <\/em><\/strong><\/p>\n","protected":false},"excerpt":{"rendered":"<p>F.C.I. 253 Est\u00e1ndar \/ 11.05.1998 \/ E Doguillo, Carlino Raza China. PATROCINIO: Gran Breta\u00f1a FECHA DE PUBLICACI\u00d3N DEL EST\u00c1NDAR ORIGINAL V\u00c1LIDO: 24.06.1987. UTILIZACI\u00d3N: Perro de compa\u00f1\u00eda. CLASIFICACI\u00d3N FCI : Grupo 9 Perros de compa\u00f1\u00eda. Secci\u00f3n 11 Molosoides de talla peque\u00f1a.\u00a0\u00a0\u00a0\u00a0\u00a0\u00a0\u00a0\u00a0\u00a0\u00a0\u00a0\u00a0\u00a0\u00a0\u00a0\u00a0\u00a0\u00a0\u00a0\u00a0 Sin prueba de trabajo. ASPECTO GENERAL : Es indudablemente un perro cuadrado y regordete, &#8220;multum<a class=\"moretag\" href=\"https:\/\/pugsberacas.com\/?page_id=170\" title=\"Read more\" target=\"_self\"> &rarr;<\/a><\/p>\n","protected":false},"author":1,"featured_media":0,"parent":0,"menu_order":3,"comment_status":"open","ping_status":"closed","template":"","meta":{"footnotes":""},"class_list":["post-170","page","type-page","status-publish","hentry"],"_links":{"self":[{"href":"https:\/\/pugsberacas.com\/index.php?rest_route=\/wp\/v2\/pages\/170","targetHints":{"allow":["GET"]}}],"collection":[{"href":"https:\/\/pugsberacas.com\/index.php?rest_route=\/wp\/v2\/pages"}],"about":[{"href":"https:\/\/pugsberacas.com\/index.php?rest_route=\/wp\/v2\/types\/page"}],"author":[{"embeddable":true,"href":"https:\/\/pugsberacas.com\/index.php?rest_route=\/wp\/v2\/users\/1"}],"replies":[{"embeddable":true,"href":"https:\/\/pugsberacas.com\/index.php?rest_route=%2Fwp%2Fv2%2Fcomments&post=170"}],"version-history":[{"count":12,"href":"https:\/\/pugsberacas.com\/index.php?rest_route=\/wp\/v2\/pages\/170\/revisions"}],"predecessor-version":[{"id":2329,"href":"https:\/\/pugsberacas.com\/index.php?rest_route=\/wp\/v2\/pages\/170\/revisions\/2329"}],"wp:attachment":[{"href":"https:\/\/pugsberacas.com\/index.php?rest_route=%2Fwp%2Fv2%2Fmedia&parent=170"}],"curies":[{"name":"wp","href":"https:\/\/api.w.org\/{rel}","templated":true}]}}