{"id":1670,"date":"2015-09-02T01:13:11","date_gmt":"2015-09-02T01:13:11","guid":{"rendered":"http:\/\/pugsberacas.com\/?page_id=1670"},"modified":"2025-12-01T16:37:28","modified_gmt":"2025-12-01T16:37:28","slug":"cachorros-disponibles","status":"publish","type":"page","link":"https:\/\/pugsberacas.com\/?page_id=1670","title":{"rendered":"CACHORROS DISPONIBLES."},"content":{"rendered":"\n<p>En <strong>Pugs Beracas<\/strong> donde cada cachorro  nace para ser parte de tu historia.<\/p>\n\n\n\n<p> cada cachorro es el resultado de a\u00f1os de experiencia, amor y compromiso con la vida.<br>Criamos <strong>Pugs y Bulldogs Frances<\/strong> con l\u00edneas gen\u00e9ticas seleccionadas, garantizando salud, temperamento estable, belleza y pureza de raza acorde al est\u00e1ndar racial.<\/p>\n\n\n\n<p>Desde sus primeros d\u00edas, los cachorros viven en un ambiente familiar, libre de jaulas, lleno de est\u00edmulos positivos, cari\u00f1o y supervisi\u00f3n constante. Esto les permite crecer seguros, socializados y listos para integrarse f\u00e1cilmente a su nuevo hogar.<\/p>\n\n\n\n<p>\ud83d\udc3e Todos nuestros cachorros se entregan con:<\/p>\n\n\n\n<ul class=\"wp-block-list\">\n<li>\ud83e\uddec Tatuaje,microchip y <strong>Pedigree internacional  expedido por  (FCM\/FCI)<\/strong><\/li>\n\n\n\n<li>\ud83d\udc89 Carnet donde describe las vacunas y desparasitaciones con las que cuenta<\/li>\n\n\n\n<li>\ud83d\udccb <strong>Certificado de salud veterinaria<\/strong><\/li>\n\n\n\n<li>\u2764\ufe0f Y mucho amor que viaja con ellos hacia ti<\/li>\n\n\n\n<li>Garantias de salud,pureza de raza y hasta que cumplan un a\u00f1o contra cualquier defecto genetico o congenito.Pero la principal garantia es que tu nuevo cachorro se convertira en tu mejor amigo y un miembro mas de tu familia con el que estamos seguros que pasaran momentos increibles e inolvidables <\/li>\n\n\n\n<li>Te entregamos un puppy kit que incluye un bultito de alimento (royal canin), un plato,un vaso dosificador y una guia de cuidados\ud83d\udcda .<\/li>\n\n\n\n<li>ADEMAS TE REGALAMOS 2 CUPONES DE DESCUENTO PARA QUE ADQUIERAS EL ALIMENTO (Royal Canin) CON EL 50% DE DESCUENTO Y TE LLEGA A TU DOMICILIO COMPLETAMENTE GRATIS <\/li>\n<\/ul>\n\n\n\n<p>\ud83d\udc3e<strong>No solo entregamos cachorros, entregamos confianza, historia y un pedacito de nuestro coraz\u00f3n.<\/strong> \u2764\ufe0f<\/p>\n\n\n\n<hr class=\"wp-block-separator has-alpha-channel-opacity\"\/>\n\n\n\n<h2 class=\"wp-block-heading\">\ud83d\udcdd <strong>Proceso de Adopci\u00f3n<\/strong><\/h2>\n\n\n\n<p>Adoptar un cachorro con nosotros es una decisi\u00f3n importante y por eso, te acompa\u00f1amos en cada paso. Queremos asegurarnos de que el v\u00ednculo que se forme sea profundo, duradero y feliz, tanto para ti como para el nuevo miembro de tu familia.<\/p>\n\n\n\n<h3 class=\"wp-block-heading\">Pasos para adoptar:<\/h3>\n\n\n\n<ol class=\"wp-block-list\">\n<li><strong>Contacto inicial<\/strong><br>Escr\u00edbenos por WhatsApp o llamanos. Te responderemos con mucho gusto y a la mayor brevedad posible , te contaremos sobre las camadas disponibles y resolveremos todas tus dudas.<\/li>\n\n\n\n<li><strong>Conoce a los cachorros<\/strong><br>Te enviamos fotos y videos reales de los cachorros, sus padres, su entorno y avances. Tambi\u00e9n puedes visitarnos  si est\u00e1s cerca o agendar una videollamada.<\/li>\n\n\n\n<li><strong>Reserva segura<\/strong><br>Una vez que elijas a tu cachorro, se realiza un apartado y se te envia un recibo . As\u00ed garantizas que te esperar\u00e1 a ti y solo a ti.<\/li>\n\n\n\n<li><strong>Preparaci\u00f3n y entrega<\/strong><br>Coordinamos contigo la fecha ideal para la entrega. Incluimos todos los documentos, certificados, carnet de vacunas y una gu\u00eda de cuidados para ayudarte en su adaptaci\u00f3n.<\/li>\n<\/ol>\n\n\n\n<blockquote class=\"wp-block-quote is-layout-flow wp-block-quote-is-layout-flow\">\n<p><strong>\u00bfQuieres conocer a tu futuro compa\u00f1ero de vida?<\/strong><br>Escr\u00edbenos y con gusto te brindaremos toda la informaci\u00f3n sobre camadas disponibles, precios, proceso de adopci\u00f3n y cuidados.<\/p>\n\n\n\n<p>\ud83d\udc3e <strong>Antes de adoptar, piensa con el coraz\u00f3n\u2026 y con responsabilidad.<\/strong><\/p>\n\n\n\n<p>Un cachorro no es un regalo pasajero ni una moda. Es un ser vivo que depender\u00e1 de ti todos los d\u00edas, con amor, paciencia y cuidados.<br>Antes de tomar la decisi\u00f3n,por favor preg\u00fantate si un pug o un bulldog frances son razas que se adaptan a tu estilo de vida y si est\u00e1s listo para dedicarle tiempo, atenci\u00f3n m\u00e9dica, educaci\u00f3n y mucho cari\u00f1o.<\/p>\n\n\n\n<p>\ud83d\udc9b Si est\u00e1s listo para ese compromiso  e iniciar tu historia con un cachorro lleno de amor  estamos aqu\u00ed para ayudarte!<\/p>\n\n\n\n<p>ESCRIBENOS . TE SUGERIMOS QUE EN TU MENSAJE INCLUYAS ESTA INFORMACION PARA PROPORCIONARTE INFORMACION  MAS PRECISA.<\/p>\n<\/blockquote>\n\n\n\n<ul class=\"wp-block-list\">\n<li>Nombre completo<\/li>\n\n\n\n<li>Ciudad \/ Estado \/Pais<\/li>\n\n\n\n<li>\u00bfPrefieres Pug o Bulldog Franc\u00e9s?<\/li>\n\n\n\n<li>\u00bfBuscas hembra o macho?<\/li>\n\n\n\n<li>\u00bfCu\u00e1ndo te gustar\u00eda adoptar?<\/li>\n\n\n\n<li>Comentarios adicionales<\/li>\n<\/ul>\n\n\n\n<p>\u2705 <em>Prometemos responderte a la mayor brevedad posible y con mucho gusto<\/em>.<\/p>\n\n\n\n<p>En este momento contamos con 2 hermosos cachorros pug disponibles, son un macho y una hembra color cervato.<\/p>\n\n\n\n<p>Un hermoso macho negro tambien ya listo para entrega inmediata.<\/p>\n\n\n\n<figure class=\"wp-block-image size-large\"><a href=\"https:\/\/pugsberacas.com\/wp-content\/uploads\/2025\/12\/IMG_2909-scaled.jpg\"><img loading=\"lazy\" decoding=\"async\" width=\"759\" height=\"1024\" src=\"https:\/\/pugsberacas.com\/wp-content\/uploads\/2025\/12\/IMG_2909-759x1024.jpg\" alt=\"\" class=\"wp-image-2894\" srcset=\"https:\/\/pugsberacas.com\/wp-content\/uploads\/2025\/12\/IMG_2909-759x1024.jpg 759w, https:\/\/pugsberacas.com\/wp-content\/uploads\/2025\/12\/IMG_2909-222x300.jpg 222w, https:\/\/pugsberacas.com\/wp-content\/uploads\/2025\/12\/IMG_2909-768x1036.jpg 768w, https:\/\/pugsberacas.com\/wp-content\/uploads\/2025\/12\/IMG_2909-1138x1536.jpg 1138w, https:\/\/pugsberacas.com\/wp-content\/uploads\/2025\/12\/IMG_2909-1518x2048.jpg 1518w, https:\/\/pugsberacas.com\/wp-content\/uploads\/2025\/12\/IMG_2909-695x938.jpg 695w, https:\/\/pugsberacas.com\/wp-content\/uploads\/2025\/12\/IMG_2909-930x1255.jpg 930w, https:\/\/pugsberacas.com\/wp-content\/uploads\/2025\/12\/IMG_2909-scaled.jpg 1897w\" sizes=\"auto, (max-width: 759px) 100vw, 759px\" \/><\/a><\/figure>\n\n\n\n<figure class=\"wp-block-image size-large\"><a href=\"https:\/\/pugsberacas.com\/wp-content\/uploads\/2025\/12\/IMG_2912-scaled.jpg\"><img loading=\"lazy\" decoding=\"async\" width=\"782\" height=\"1024\" src=\"https:\/\/pugsberacas.com\/wp-content\/uploads\/2025\/12\/IMG_2912-782x1024.jpg\" alt=\"\" class=\"wp-image-2895\" srcset=\"https:\/\/pugsberacas.com\/wp-content\/uploads\/2025\/12\/IMG_2912-782x1024.jpg 782w, https:\/\/pugsberacas.com\/wp-content\/uploads\/2025\/12\/IMG_2912-229x300.jpg 229w, https:\/\/pugsberacas.com\/wp-content\/uploads\/2025\/12\/IMG_2912-768x1005.jpg 768w, https:\/\/pugsberacas.com\/wp-content\/uploads\/2025\/12\/IMG_2912-1174x1536.jpg 1174w, https:\/\/pugsberacas.com\/wp-content\/uploads\/2025\/12\/IMG_2912-1565x2048.jpg 1565w, https:\/\/pugsberacas.com\/wp-content\/uploads\/2025\/12\/IMG_2912-695x910.jpg 695w, https:\/\/pugsberacas.com\/wp-content\/uploads\/2025\/12\/IMG_2912-930x1217.jpg 930w, https:\/\/pugsberacas.com\/wp-content\/uploads\/2025\/12\/IMG_2912-scaled.jpg 1956w\" sizes=\"auto, (max-width: 782px) 100vw, 782px\" \/><\/a><\/figure>\n\n\n\n<p>                          !LISTOS PARA ENTREGA INMEDIATA!<\/p>\n\n\n\n<p><\/p>\n\n\n\n<p><\/p>\n\n\n\n<figure class=\"wp-block-image size-large\"><a href=\"https:\/\/pugsberacas.com\/wp-content\/uploads\/2024\/02\/2A.jpg\"><img loading=\"lazy\" decoding=\"async\" width=\"1024\" height=\"757\" src=\"https:\/\/pugsberacas.com\/wp-content\/uploads\/2024\/02\/2A-1024x757.jpg\" alt=\"\" class=\"wp-image-2805\" srcset=\"https:\/\/pugsberacas.com\/wp-content\/uploads\/2024\/02\/2A-1024x757.jpg 1024w, https:\/\/pugsberacas.com\/wp-content\/uploads\/2024\/02\/2A-300x222.jpg 300w, https:\/\/pugsberacas.com\/wp-content\/uploads\/2024\/02\/2A-768x568.jpg 768w, https:\/\/pugsberacas.com\/wp-content\/uploads\/2024\/02\/2A-695x514.jpg 695w, https:\/\/pugsberacas.com\/wp-content\/uploads\/2024\/02\/2A-930x687.jpg 930w, https:\/\/pugsberacas.com\/wp-content\/uploads\/2024\/02\/2A.jpg 1280w\" sizes=\"auto, (max-width: 1024px) 100vw, 1024px\" \/><\/a><\/figure>\n\n\n\n<figure class=\"wp-block-image size-large\"><a href=\"https:\/\/pugsberacas.com\/wp-content\/uploads\/2024\/02\/2B.jpg\"><img loading=\"lazy\" decoding=\"async\" width=\"1024\" height=\"954\" src=\"https:\/\/pugsberacas.com\/wp-content\/uploads\/2024\/02\/2B-1024x954.jpg\" alt=\"\" class=\"wp-image-2806\" srcset=\"https:\/\/pugsberacas.com\/wp-content\/uploads\/2024\/02\/2B-1024x954.jpg 1024w, https:\/\/pugsberacas.com\/wp-content\/uploads\/2024\/02\/2B-300x279.jpg 300w, https:\/\/pugsberacas.com\/wp-content\/uploads\/2024\/02\/2B-768x715.jpg 768w, https:\/\/pugsberacas.com\/wp-content\/uploads\/2024\/02\/2B-695x647.jpg 695w, https:\/\/pugsberacas.com\/wp-content\/uploads\/2024\/02\/2B-930x866.jpg 930w, https:\/\/pugsberacas.com\/wp-content\/uploads\/2024\/02\/2B.jpg 1280w\" sizes=\"auto, (max-width: 1024px) 100vw, 1024px\" \/><\/a><\/figure>\n\n\n\n<figure class=\"wp-block-image size-large\"><a href=\"https:\/\/pugsberacas.com\/wp-content\/uploads\/2024\/02\/2C.jpg\"><img loading=\"lazy\" decoding=\"async\" width=\"1024\" height=\"653\" src=\"https:\/\/pugsberacas.com\/wp-content\/uploads\/2024\/02\/2C-1024x653.jpg\" alt=\"\" class=\"wp-image-2807\" srcset=\"https:\/\/pugsberacas.com\/wp-content\/uploads\/2024\/02\/2C-1024x653.jpg 1024w, https:\/\/pugsberacas.com\/wp-content\/uploads\/2024\/02\/2C-300x191.jpg 300w, https:\/\/pugsberacas.com\/wp-content\/uploads\/2024\/02\/2C-768x490.jpg 768w, https:\/\/pugsberacas.com\/wp-content\/uploads\/2024\/02\/2C-695x443.jpg 695w, https:\/\/pugsberacas.com\/wp-content\/uploads\/2024\/02\/2C-930x593.jpg 930w, https:\/\/pugsberacas.com\/wp-content\/uploads\/2024\/02\/2C.jpg 1280w\" sizes=\"auto, (max-width: 1024px) 100vw, 1024px\" \/><\/a><\/figure>\n\n\n\n<p>PREGUNTAS FRECUENTES:<\/p>\n\n\n\n<p><strong>\u00bfHacen env\u00edos ?<\/strong><br>S\u00ed. Enviamos a todo M\u00e9xico, Estados unidos,Latinoamerica y Europa con transporte especializado y seguro. Realizamos entregas personales o  Coordinamos todo contigo para que tu cachorro llegue seguro y feliz.<\/p>\n\n\n\n<p><strong>\u00bfQu\u00e9 edad tienen al entregarlos?<\/strong><br>Por seguridad de todos pero principalmente de los cachorros se entregan entre las 8 y 12 semanas de vida dependiendo su evolucion , completamente destetados, vacunados y listos para integrarse a tu hogar.<\/p>\n\n\n\n<p><strong>\u00bfPuedo apartar uno?<\/strong><br>S\u00ed, puedes hacer una reserva . De esa forma, ese cachorro ser\u00e1 exclusivamente para ti.<\/p>\n\n\n\n<p>Proceso de reserva :<\/p>\n\n\n\n<p>Solicitamos el 30 % del valor del cachorro y el resto se liquida al momento de la entrega si es en CDMX O ESTADO DE MEXICO , en caso de enviarlo a otra ciudad o pais se tiene que liquidar antes .<\/p>\n\n\n\n<p>En el orden en que se realiza la reserva en ese orden tienen el turno para la eleccion del cachorro y la eleccion se realiza entre las 6a y 8a semana de edad de los cachorros.<\/p>\n\n\n\n\n","protected":false},"excerpt":{"rendered":"<p>En Pugs Beracas donde cada cachorro nace para ser parte de tu historia. cada cachorro es el resultado de a\u00f1os de experiencia, amor y compromiso con la vida.Criamos Pugs y Bulldogs Frances con l\u00edneas gen\u00e9ticas seleccionadas, garantizando salud, temperamento estable, belleza y pureza de raza acorde al est\u00e1ndar racial. Desde sus primeros d\u00edas, los cachorros<a class=\"moretag\" href=\"https:\/\/pugsberacas.com\/?page_id=1670\" title=\"Read more\" target=\"_self\"> &rarr;<\/a><\/p>\n","protected":false},"author":2,"featured_media":0,"parent":0,"menu_order":0,"comment_status":"open","ping_status":"closed","template":"","meta":{"footnotes":""},"class_list":["post-1670","page","type-page","status-publish","hentry"],"_links":{"self":[{"href":"https:\/\/pugsberacas.com\/index.php?rest_route=\/wp\/v2\/pages\/1670","targetHints":{"allow":["GET"]}}],"collection":[{"href":"https:\/\/pugsberacas.com\/index.php?rest_route=\/wp\/v2\/pages"}],"about":[{"href":"https:\/\/pugsberacas.com\/index.php?rest_route=\/wp\/v2\/types\/page"}],"author":[{"embeddable":true,"href":"https:\/\/pugsberacas.com\/index.php?rest_route=\/wp\/v2\/users\/2"}],"replies":[{"embeddable":true,"href":"https:\/\/pugsberacas.com\/index.php?rest_route=%2Fwp%2Fv2%2Fcomments&post=1670"}],"version-history":[{"count":198,"href":"https:\/\/pugsberacas.com\/index.php?rest_route=\/wp\/v2\/pages\/1670\/revisions"}],"predecessor-version":[{"id":2896,"href":"https:\/\/pugsberacas.com\/index.php?rest_route=\/wp\/v2\/pages\/1670\/revisions\/2896"}],"wp:attachment":[{"href":"https:\/\/pugsberacas.com\/index.php?rest_route=%2Fwp%2Fv2%2Fmedia&parent=1670"}],"curies":[{"name":"wp","href":"https:\/\/api.w.org\/{rel}","templated":true}]}}