{"id":1348,"date":"2013-12-03T08:41:50","date_gmt":"2013-12-03T08:41:50","guid":{"rendered":"http:\/\/demo.pukkathemes.com\/ubergrid\/?page_id=92"},"modified":"2026-02-13T04:09:48","modified_gmt":"2026-02-13T04:09:48","slug":"contact-us","status":"publish","type":"page","link":"https:\/\/pugsberacas.com\/?page_id=1348","title":{"rendered":"\u00bfQUIENES SOMOS?"},"content":{"rendered":"\n<p><strong>En Criadero Pugs Beracas, cada cachorro nace para ser parte de tu historia.<\/strong><\/p>\n\n\n\n<p>Desde hace m\u00e1s de <strong>25 a\u00f1os<\/strong>, hemos dedicado nuestra vida a la preservacion ,<strong>crianza \u00e9tica y responsable de Pugs y Bulldogs Frances<\/strong>, con un profundo amor,pasion y respeto por estas hermosas razas que nos han ense\u00f1ado que los lazos m\u00e1s fuertes no siempre se atan con palabras, sino con miradas, lealtad y patas peque\u00f1as.<\/p>\n\n\n\n<p>Somos un criadero familiar ubicado en el Estado de  M\u00e9xico, establecido y reconocido oficialmente por la <strong>Federaci\u00f3n Can\u00f3fila Mexicana (FCM)<\/strong> y la <strong>Federaci\u00f3n Cinol\u00f3gica Internacional (FCI)<\/strong>. Con numero de registro K764K ,Esto significa que cumplimos con los m\u00e1s altos est\u00e1ndares de calidad, salud, gen\u00e9tica y bienestar animal.<\/p>\n\n\n<div class=\"wp-block-image\">\n<figure class=\"aligncenter size-medium\"><a href=\"https:\/\/pugsberacas.com\/wp-content\/uploads\/2019\/08\/CONSTANCIA-DE-CRIADERO.png\"><img loading=\"lazy\" decoding=\"async\" width=\"300\" height=\"230\" src=\"https:\/\/pugsberacas.com\/wp-content\/uploads\/2019\/08\/CONSTANCIA-DE-CRIADERO-300x230.png\" alt=\"\" class=\"wp-image-2223\" srcset=\"https:\/\/pugsberacas.com\/wp-content\/uploads\/2019\/08\/CONSTANCIA-DE-CRIADERO-300x230.png 300w, https:\/\/pugsberacas.com\/wp-content\/uploads\/2019\/08\/CONSTANCIA-DE-CRIADERO-768x589.png 768w, https:\/\/pugsberacas.com\/wp-content\/uploads\/2019\/08\/CONSTANCIA-DE-CRIADERO-1024x785.png 1024w, https:\/\/pugsberacas.com\/wp-content\/uploads\/2019\/08\/CONSTANCIA-DE-CRIADERO-695x533.png 695w, https:\/\/pugsberacas.com\/wp-content\/uploads\/2019\/08\/CONSTANCIA-DE-CRIADERO-930x713.png 930w\" sizes=\"auto, (max-width: 300px) 100vw, 300px\" \/><\/a><\/figure><\/div>\n\n\n<p>Aqu\u00ed, cada camada nace en un entorno limpio, seguro y lleno de cari\u00f1o. No criamos en masa, ni vendemos por impulso: <strong>formamos v\u00ednculos, respetamos los procesos naturales y elegimos cuidadosamente a las familias que adoptan con nosotros.<\/strong><\/p>\n\n\n\n<p>Nuestros cachorros no solo cuentan con <strong>pedigree<\/strong> internacional,garantias de salud,pureza de raza <strong>vacuna<\/strong>s,desparasitaciones  y <strong>seguimiento <\/strong>24\/7 , tambi\u00e9n crecen socializados, equilibrados y listos para llenar tu hogar de amor verdadero.<\/p>\n\n\n\n<p>Porque entendemos que no est\u00e1s buscando solo un perro. Est\u00e1s buscando <strong>un compa\u00f1ero de vida<\/strong> y un miembro mas de la familia ,nosotros estamos aqu\u00ed para ayudarte a encontrarlo\u2026 con el coraz\u00f3n tranquilo y la confianza de estar en manos expertas.<\/p>\n\n\n<address><em><span style=\"color: #800080;\">INICIANDO EN EL A\u00d1O 1997, UBICADOS\u00a0AL NORTE DE \u00a0LA CIUDAD DE\u00a0M\u00c9XICO.<\/span><\/em><\/address><address>\u00a0<\/address><address><span style=\"color: #800080;\">ACTUALMENTE \u00a0CONTAMOS EN NUESTRO CRIADERO CON EXCELENTES \u00a0EJEMPLARES\u00a0 DE LA MAS ALTA CALIDAD GEN\u00c9TICA DESCENDIENTES DE LAS MEJORES LINEAS\u00a0 DE SANGRE A NIVEL MUNDIAL, DANDO COMO RESULTADO HERMOSOS CACHORROS SANOS QUE CUMPLEN CON LAS CARACTER\u00cdSTICAS Y PUREZA DE RAZA APEGADOS AL EST\u00c1NDAR Y NORMA RACIAL.<\/span><\/address><address>SOMOS EL UNICO CRIADERO EN MEXICO DE PUG Y BULLDOG FRANCES QUE CUENTA CON UNAS\u00a0 EXCELENTES\u00a0 \u00a0Y HERMOSAS INSTALACIONES ,(libre de jaulas), AREAS VERDES MUY AMPLIAS, C\u00d3MODAS,LIMPIAS Y SEGURAS DONDE\u00a0 NUESTROS EJEMPLARES SE DESARROLLAN Y DESENVUELVEN EN UN EXCELENTE AMBIENTE\u00a0 \u00a0FAMILIAR CON TODOS LOS CUIDADOS NECESARIOS Y MUCHO CARI\u00d1O PARA LOGRAR UN SANO DESARROLLO FISICO,EMOCIONAL Y MENTAL , ELEMENTOS MUY IMPORTANTES QUE PROPORCIONAN UNA BASE DE SEGURIDAD EMOCIONAL QUE INFLUIRA\u00a0 EN EL COMPORTAMIENTO ,PERSONALIDAD Y\u00a0 LA ADAPTACION DEL CACHORRO CON SU NUEVA FAMILIA Y A SU FUTURO HOGAR.<\/address><address>\u00a0<\/address><address><address><a href=\"https:\/\/pugsberacas.com\/wp-content\/uploads\/2021\/12\/WhatsApp-Image-2021-12-01-at-13.12.23.jpeg\"><img loading=\"lazy\" decoding=\"async\" class=\"alignnone size-full wp-image-2593\" src=\"https:\/\/pugsberacas.com\/wp-content\/uploads\/2021\/12\/WhatsApp-Image-2021-12-01-at-13.12.23.jpeg\" alt=\"\" width=\"768\" height=\"1024\" srcset=\"https:\/\/pugsberacas.com\/wp-content\/uploads\/2021\/12\/WhatsApp-Image-2021-12-01-at-13.12.23.jpeg 768w, https:\/\/pugsberacas.com\/wp-content\/uploads\/2021\/12\/WhatsApp-Image-2021-12-01-at-13.12.23-225x300.jpeg 225w, https:\/\/pugsberacas.com\/wp-content\/uploads\/2021\/12\/WhatsApp-Image-2021-12-01-at-13.12.23-695x927.jpeg 695w\" sizes=\"auto, (max-width: 768px) 100vw, 768px\" \/><\/a> <a href=\"https:\/\/pugsberacas.com\/wp-content\/uploads\/2021\/12\/WhatsApp-Image-2021-12-01-at-13.12.51.jpeg\"><img loading=\"lazy\" decoding=\"async\" class=\"alignnone size-large wp-image-2594\" src=\"https:\/\/pugsberacas.com\/wp-content\/uploads\/2021\/12\/WhatsApp-Image-2021-12-01-at-13.12.51.jpeg\" alt=\"\" width=\"615\" height=\"346\" srcset=\"https:\/\/pugsberacas.com\/wp-content\/uploads\/2021\/12\/WhatsApp-Image-2021-12-01-at-13.12.51.jpeg 1024w, https:\/\/pugsberacas.com\/wp-content\/uploads\/2021\/12\/WhatsApp-Image-2021-12-01-at-13.12.51-300x169.jpeg 300w, https:\/\/pugsberacas.com\/wp-content\/uploads\/2021\/12\/WhatsApp-Image-2021-12-01-at-13.12.51-768x432.jpeg 768w, https:\/\/pugsberacas.com\/wp-content\/uploads\/2021\/12\/WhatsApp-Image-2021-12-01-at-13.12.51-695x391.jpeg 695w, https:\/\/pugsberacas.com\/wp-content\/uploads\/2021\/12\/WhatsApp-Image-2021-12-01-at-13.12.51-930x523.jpeg 930w\" sizes=\"auto, (max-width: 615px) 100vw, 615px\" \/><\/a> <a href=\"https:\/\/pugsberacas.com\/wp-content\/uploads\/2021\/12\/WhatsApp-Image-2021-12-01-at-13.13.50.jpeg\"><img loading=\"lazy\" decoding=\"async\" class=\"alignnone size-large wp-image-2595\" src=\"https:\/\/pugsberacas.com\/wp-content\/uploads\/2021\/12\/WhatsApp-Image-2021-12-01-at-13.13.50.jpeg\" alt=\"\" width=\"615\" height=\"461\" srcset=\"https:\/\/pugsberacas.com\/wp-content\/uploads\/2021\/12\/WhatsApp-Image-2021-12-01-at-13.13.50.jpeg 1024w, https:\/\/pugsberacas.com\/wp-content\/uploads\/2021\/12\/WhatsApp-Image-2021-12-01-at-13.13.50-300x225.jpeg 300w, https:\/\/pugsberacas.com\/wp-content\/uploads\/2021\/12\/WhatsApp-Image-2021-12-01-at-13.13.50-768x576.jpeg 768w, https:\/\/pugsberacas.com\/wp-content\/uploads\/2021\/12\/WhatsApp-Image-2021-12-01-at-13.13.50-695x521.jpeg 695w, https:\/\/pugsberacas.com\/wp-content\/uploads\/2021\/12\/WhatsApp-Image-2021-12-01-at-13.13.50-930x698.jpeg 930w\" sizes=\"auto, (max-width: 615px) 100vw, 615px\" \/><\/a> <a href=\"https:\/\/pugsberacas.com\/wp-content\/uploads\/2021\/12\/WhatsApp-Image-2021-12-01-at-13.14.18.jpeg\"><img loading=\"lazy\" decoding=\"async\" class=\"alignnone size-large wp-image-2596\" src=\"https:\/\/pugsberacas.com\/wp-content\/uploads\/2021\/12\/WhatsApp-Image-2021-12-01-at-13.14.18.jpeg\" alt=\"\" width=\"615\" height=\"306\" srcset=\"https:\/\/pugsberacas.com\/wp-content\/uploads\/2021\/12\/WhatsApp-Image-2021-12-01-at-13.14.18.jpeg 1024w, https:\/\/pugsberacas.com\/wp-content\/uploads\/2021\/12\/WhatsApp-Image-2021-12-01-at-13.14.18-300x149.jpeg 300w, https:\/\/pugsberacas.com\/wp-content\/uploads\/2021\/12\/WhatsApp-Image-2021-12-01-at-13.14.18-768x382.jpeg 768w, https:\/\/pugsberacas.com\/wp-content\/uploads\/2021\/12\/WhatsApp-Image-2021-12-01-at-13.14.18-695x345.jpeg 695w, https:\/\/pugsberacas.com\/wp-content\/uploads\/2021\/12\/WhatsApp-Image-2021-12-01-at-13.14.18-930x462.jpeg 930w\" sizes=\"auto, (max-width: 615px) 100vw, 615px\" \/> \u00a0 \u00a0 <span style=\"color: #800080;\">EL TRABAJO QUE REALIZAMOS ACTUALMENTE CON MUCHO ESFUERZO Y PASI\u00d3N\u00a0 ES CON EL FIRME OBJETIVO DE CONTRIBUIR AL MEJORAMIENTO EN TODOS\u00a0LOS \u00a0ASPECTOS DE ESTA INCRE\u00cdBLE RAZA.<\/span><\/a><\/address><address>GABY ESPARRAGOZA Y HECTOR NAVA\u00a0<\/address><address>CRIADORES Y PROPIETARIOS DEL CRIADERO PUGS BERACAS.<\/address><\/address>\n<p>Estamos para servirte, puedes contactarnos y personalmente responderemos a tus dudas y comentarios con mucho gusto y a la mayor brevedad posible .<\/p>\n<p>Escribenos o\u00a0 ll\u00e1manos a los tel\u00e9fonos:\u00a0 01 (52) 5553314707 HECTOR NAVA.<\/p>\n<p>OFICINA\u00a0 CRIADERO BERACA`S: 01 (52) 5592843685<\/p>","protected":false},"excerpt":{"rendered":"<p>En Criadero Pugs Beracas, cada cachorro nace para ser parte de tu historia. Desde hace m\u00e1s de 25 a\u00f1os, hemos dedicado nuestra vida a la preservacion ,crianza \u00e9tica y responsable de Pugs y Bulldogs Frances, con un profundo amor,pasion y respeto por estas hermosas razas que nos han ense\u00f1ado que los lazos m\u00e1s fuertes no<a class=\"moretag\" href=\"https:\/\/pugsberacas.com\/?page_id=1348\" title=\"Read more\" target=\"_self\"> &rarr;<\/a><\/p>\n","protected":false},"author":1,"featured_media":0,"parent":0,"menu_order":0,"comment_status":"open","ping_status":"closed","template":"","meta":{"footnotes":""},"class_list":["post-1348","page","type-page","status-publish","hentry"],"_links":{"self":[{"href":"https:\/\/pugsberacas.com\/index.php?rest_route=\/wp\/v2\/pages\/1348","targetHints":{"allow":["GET"]}}],"collection":[{"href":"https:\/\/pugsberacas.com\/index.php?rest_route=\/wp\/v2\/pages"}],"about":[{"href":"https:\/\/pugsberacas.com\/index.php?rest_route=\/wp\/v2\/types\/page"}],"author":[{"embeddable":true,"href":"https:\/\/pugsberacas.com\/index.php?rest_route=\/wp\/v2\/users\/1"}],"replies":[{"embeddable":true,"href":"https:\/\/pugsberacas.com\/index.php?rest_route=%2Fwp%2Fv2%2Fcomments&post=1348"}],"version-history":[{"count":23,"href":"https:\/\/pugsberacas.com\/index.php?rest_route=\/wp\/v2\/pages\/1348\/revisions"}],"predecessor-version":[{"id":2852,"href":"https:\/\/pugsberacas.com\/index.php?rest_route=\/wp\/v2\/pages\/1348\/revisions\/2852"}],"wp:attachment":[{"href":"https:\/\/pugsberacas.com\/index.php?rest_route=%2Fwp%2Fv2%2Fmedia&parent=1348"}],"curies":[{"name":"wp","href":"https:\/\/api.w.org\/{rel}","templated":true}]}}